{"id":998,"date":"2024-11-10T22:13:32","date_gmt":"2024-11-10T22:13:32","guid":{"rendered":"https:\/\/armelex.com\/?page_id=998"},"modified":"2024-11-10T22:14:23","modified_gmt":"2024-11-10T22:14:23","slug":"quality-policy","status":"publish","type":"page","link":"https:\/\/armelex.com\/tr\/quality-policy\/","title":{"rendered":"Kalite Politikas\u0131"},"content":{"rendered":"<div data-elementor-type=\"wp-page\" data-elementor-id=\"998\" class=\"elementor elementor-998\" data-elementor-post-type=\"page\">\n\t\t\t\t<div class=\"elementor-element elementor-element-3aa55a4b e-flex e-con-boxed e-con e-parent\" data-id=\"3aa55a4b\" data-element_type=\"container\" data-e-type=\"container\" data-settings=\"{&quot;background_background&quot;:&quot;classic&quot;}\">\n\t\t\t\t\t<div class=\"e-con-inner\">\n\t\t\t\t<div class=\"elementor-element elementor-element-541a5315 jet-breadcrumbs-align-center elementor-widget elementor-widget-jet-breadcrumbs\" data-id=\"541a5315\" data-element_type=\"widget\" data-e-type=\"widget\" data-widget_type=\"jet-breadcrumbs.default\">\n\t\t\t\t<div class=\"elementor-widget-container\">\n\t\t\t\t\t<div class=\"elementor-jet-breadcrumbs jet-blocks\">\n\t\t<div class=\"jet-breadcrumbs\">\n\t\t<div class=\"jet-breadcrumbs__content\">\n\t\t<div class=\"jet-breadcrumbs__wrap\"><div class=\"jet-breadcrumbs__item\"><a href=\"https:\/\/armelex.com\/tr\/\" class=\"jet-breadcrumbs__item-link is-home\" rel=\"home\" title=\"Ev\">Ev<\/a><\/div>\n\t\t<\/div>\n\t\t<\/div>\n\t\t<\/div><\/div>\t\t\t\t<\/div>\n\t\t\t\t<\/div>\n\t\t\t\t\t<\/div>\n\t\t\t\t<\/div>\n\t\t<div class=\"elementor-element elementor-element-21c60a3d e-flex e-con-boxed e-con e-parent\" data-id=\"21c60a3d\" data-element_type=\"container\" data-e-type=\"container\">\n\t\t\t\t\t<div class=\"e-con-inner\">\n\t\t<div class=\"elementor-element elementor-element-a7a997e e-con-full elementor-hidden-tablet elementor-hidden-mobile e-flex e-con e-child\" data-id=\"a7a997e\" data-element_type=\"container\" data-e-type=\"container\">\n\t\t\t\t<div class=\"elementor-element elementor-element-7fe7356c elementor-widget elementor-widget-shortcode\" data-id=\"7fe7356c\" data-element_type=\"widget\" data-e-type=\"widget\" data-widget_type=\"shortcode.default\">\n\t\t\t\t<div class=\"elementor-widget-container\">\n\t\t\t\t\t\t\t<div class=\"elementor-shortcode\">\t\t<div data-elementor-type=\"container\" data-elementor-id=\"967\" class=\"elementor elementor-967\" data-elementor-post-type=\"elementor_library\">\n\t\t\t\t<div class=\"elementor-element elementor-element-2da49f89 e-con-full e-flex e-con e-child\" data-id=\"2da49f89\" data-element_type=\"container\" data-e-type=\"container\">\n\t\t\t\t<div data-premium-element-link=\"{&quot;type&quot;:&quot;url&quot;,&quot;link&quot;:{&quot;url&quot;:&quot;https:\\\/\\\/armelex.com\\\/tr&quot;,&quot;is_external&quot;:&quot;&quot;,&quot;nofollow&quot;:&quot;&quot;,&quot;custom_attributes&quot;:&quot;&quot;},&quot;href&quot;:&quot;https:\\\/\\\/armelex.com\\\/tr&quot;}\" style=\"cursor: pointer\" class=\"elementor-element elementor-element-3e65a4c6 elementor-position-inline-end premium-wrapper-link-yes elementor-view-default elementor-mobile-position-block-start elementor-widget elementor-widget-icon-box\" data-id=\"3e65a4c6\" data-element_type=\"widget\" data-e-type=\"widget\" data-widget_type=\"icon-box.default\">\n\t\t\t\t<div class=\"elementor-widget-container\">\n\t\t\t\t\t\t\t<div class=\"elementor-icon-box-wrapper\">\n\n\t\t\t\t\t\t<div class=\"elementor-icon-box-icon\">\n\t\t\t\t<a href=\"https:\/\/armelex.com\/tr\" class=\"elementor-icon\" tabindex=\"-1\" aria-label=\"ev\">\n\t\t\t\t<i aria-hidden=\"true\" class=\"icon icon-arrow-right\"><\/i>\t\t\t\t<\/a>\n\t\t\t<\/div>\n\t\t\t\n\t\t\t\t\t\t<div class=\"elementor-icon-box-content\">\n\n\t\t\t\t\t\t\t\t\t<div class=\"elementor-icon-box-title\">\n\t\t\t\t\t\t<a href=\"https:\/\/armelex.com\/tr\" >\n\t\t\t\t\t\t\tev\t\t\t\t\t\t<\/a>\n\t\t\t\t\t<\/div>\n\t\t\t\t\n\t\t\t\t\n\t\t\t<\/div>\n\t\t\t\n\t\t<\/div>\n\t\t\t\t\t\t<\/div>\n\t\t\t\t<\/div>\n\t\t\t\t<div data-premium-element-link=\"{&quot;type&quot;:&quot;url&quot;,&quot;link&quot;:{&quot;url&quot;:&quot;https:\\\/\\\/armelex.com\\\/about-us\\\/&quot;,&quot;is_external&quot;:&quot;&quot;,&quot;nofollow&quot;:&quot;&quot;,&quot;custom_attributes&quot;:&quot;&quot;},&quot;href&quot;:&quot;https:\\\/\\\/armelex.com\\\/about-us\\\/&quot;}\" style=\"cursor: pointer\" class=\"elementor-element elementor-element-4f11c3c elementor-position-inline-end premium-wrapper-link-yes elementor-view-default elementor-mobile-position-block-start elementor-widget elementor-widget-icon-box\" data-id=\"4f11c3c\" data-element_type=\"widget\" data-e-type=\"widget\" data-widget_type=\"icon-box.default\">\n\t\t\t\t<div class=\"elementor-widget-container\">\n\t\t\t\t\t\t\t<div class=\"elementor-icon-box-wrapper\">\n\n\t\t\t\t\t\t<div class=\"elementor-icon-box-icon\">\n\t\t\t\t<a href=\"https:\/\/armelex.com\/about-us\/\" class=\"elementor-icon\" tabindex=\"-1\" aria-label=\"hakkimizda\">\n\t\t\t\t<i aria-hidden=\"true\" class=\"icon icon-arrow-right\"><\/i>\t\t\t\t<\/a>\n\t\t\t<\/div>\n\t\t\t\n\t\t\t\t\t\t<div class=\"elementor-icon-box-content\">\n\n\t\t\t\t\t\t\t\t\t<div class=\"elementor-icon-box-title\">\n\t\t\t\t\t\t<a href=\"https:\/\/armelex.com\/about-us\/\" >\n\t\t\t\t\t\t\thakkimizda\t\t\t\t\t\t<\/a>\n\t\t\t\t\t<\/div>\n\t\t\t\t\n\t\t\t\t\n\t\t\t<\/div>\n\t\t\t\n\t\t<\/div>\n\t\t\t\t\t\t<\/div>\n\t\t\t\t<\/div>\n\t\t\t\t<div data-premium-element-link=\"{&quot;type&quot;:&quot;url&quot;,&quot;link&quot;:{&quot;url&quot;:&quot;https:\\\/\\\/armelex.com\\\/contact-us\\\/&quot;,&quot;is_external&quot;:&quot;&quot;,&quot;nofollow&quot;:&quot;&quot;,&quot;custom_attributes&quot;:&quot;&quot;},&quot;href&quot;:&quot;https:\\\/\\\/armelex.com\\\/contact-us\\\/&quot;}\" style=\"cursor: pointer\" class=\"elementor-element elementor-element-34e938a3 elementor-position-inline-end premium-wrapper-link-yes elementor-view-default elementor-mobile-position-block-start elementor-widget elementor-widget-icon-box\" data-id=\"34e938a3\" data-element_type=\"widget\" data-e-type=\"widget\" data-widget_type=\"icon-box.default\">\n\t\t\t\t<div class=\"elementor-widget-container\">\n\t\t\t\t\t\t\t<div class=\"elementor-icon-box-wrapper\">\n\n\t\t\t\t\t\t<div class=\"elementor-icon-box-icon\">\n\t\t\t\t<a href=\"https:\/\/armelex.com\/contact-us\/\" class=\"elementor-icon\" tabindex=\"-1\" aria-label=\"Bize ula\u015f\u0131n\">\n\t\t\t\t<i aria-hidden=\"true\" class=\"icon icon-arrow-right\"><\/i>\t\t\t\t<\/a>\n\t\t\t<\/div>\n\t\t\t\n\t\t\t\t\t\t<div class=\"elementor-icon-box-content\">\n\n\t\t\t\t\t\t\t\t\t<div class=\"elementor-icon-box-title\">\n\t\t\t\t\t\t<a href=\"https:\/\/armelex.com\/contact-us\/\" >\n\t\t\t\t\t\t\tBize ula\u015f\u0131n\t\t\t\t\t\t<\/a>\n\t\t\t\t\t<\/div>\n\t\t\t\t\n\t\t\t\t\n\t\t\t<\/div>\n\t\t\t\n\t\t<\/div>\n\t\t\t\t\t\t<\/div>\n\t\t\t\t<\/div>\n\t\t\t\t<div data-premium-element-link=\"{&quot;type&quot;:&quot;url&quot;,&quot;link&quot;:{&quot;url&quot;:&quot;https:\\\/\\\/armelex.com\\\/category\\\/our-products\\\/&quot;,&quot;is_external&quot;:&quot;&quot;,&quot;nofollow&quot;:&quot;&quot;,&quot;custom_attributes&quot;:&quot;&quot;},&quot;href&quot;:&quot;https:\\\/\\\/armelex.com\\\/category\\\/our-products\\\/&quot;}\" style=\"cursor: pointer\" class=\"elementor-element elementor-element-51fda593 elementor-position-inline-end premium-wrapper-link-yes elementor-view-default elementor-mobile-position-block-start elementor-widget elementor-widget-icon-box\" data-id=\"51fda593\" data-element_type=\"widget\" data-e-type=\"widget\" data-widget_type=\"icon-box.default\">\n\t\t\t\t<div class=\"elementor-widget-container\">\n\t\t\t\t\t\t\t<div class=\"elementor-icon-box-wrapper\">\n\n\t\t\t\t\t\t<div class=\"elementor-icon-box-icon\">\n\t\t\t\t<a href=\"https:\/\/armelex.com\/category\/our-products\/\" class=\"elementor-icon\" tabindex=\"-1\" aria-label=\"\u00dcr\u00fcnlerimiz\">\n\t\t\t\t<i aria-hidden=\"true\" class=\"icon icon-arrow-right\"><\/i>\t\t\t\t<\/a>\n\t\t\t<\/div>\n\t\t\t\n\t\t\t\t\t\t<div class=\"elementor-icon-box-content\">\n\n\t\t\t\t\t\t\t\t\t<div class=\"elementor-icon-box-title\">\n\t\t\t\t\t\t<a href=\"https:\/\/armelex.com\/category\/our-products\/\" >\n\t\t\t\t\t\t\t\u00dcr\u00fcnlerimiz\t\t\t\t\t\t<\/a>\n\t\t\t\t\t<\/div>\n\t\t\t\t\n\t\t\t\t\n\t\t\t<\/div>\n\t\t\t\n\t\t<\/div>\n\t\t\t\t\t\t<\/div>\n\t\t\t\t<\/div>\n\t\t\t\t<div class=\"elementor-element elementor-element-f11d1c1 elementor-position-inline-end elementor-view-default elementor-mobile-position-block-start elementor-widget elementor-widget-icon-box\" data-id=\"f11d1c1\" data-element_type=\"widget\" data-e-type=\"widget\" data-widget_type=\"icon-box.default\">\n\t\t\t\t<div class=\"elementor-widget-container\">\n\t\t\t\t\t\t\t<div class=\"elementor-icon-box-wrapper\">\n\n\t\t\t\t\t\t<div class=\"elementor-icon-box-icon\">\n\t\t\t\t<a href=\"#elementor-action%3Aaction%3Dpopup%3Aopen%26settings%3DeyJpZCI6IjEwMzEiLCJ0b2dnbGUiOmZhbHNlfQ%3D%3D\" class=\"elementor-icon\" tabindex=\"-1\" aria-label=\"e-katalog\">\n\t\t\t\t<i aria-hidden=\"true\" class=\"icon icon-arrow-right\"><\/i>\t\t\t\t<\/a>\n\t\t\t<\/div>\n\t\t\t\n\t\t\t\t\t\t<div class=\"elementor-icon-box-content\">\n\n\t\t\t\t\t\t\t\t\t<div class=\"elementor-icon-box-title\">\n\t\t\t\t\t\t<a href=\"#elementor-action%3Aaction%3Dpopup%3Aopen%26settings%3DeyJpZCI6IjEwMzEiLCJ0b2dnbGUiOmZhbHNlfQ%3D%3D\" >\n\t\t\t\t\t\t\te-katalog\t\t\t\t\t\t<\/a>\n\t\t\t\t\t<\/div>\n\t\t\t\t\n\t\t\t\t\n\t\t\t<\/div>\n\t\t\t\n\t\t<\/div>\n\t\t\t\t\t\t<\/div>\n\t\t\t\t<\/div>\n\t\t\t\t<div class=\"elementor-element elementor-element-2061de2 elementor-position-inline-end elementor-view-default elementor-mobile-position-block-start elementor-widget elementor-widget-icon-box\" data-id=\"2061de2\" data-element_type=\"widget\" data-e-type=\"widget\" data-widget_type=\"icon-box.default\">\n\t\t\t\t<div class=\"elementor-widget-container\">\n\t\t\t\t\t\t\t<div class=\"elementor-icon-box-wrapper\">\n\n\t\t\t\t\t\t<div class=\"elementor-icon-box-icon\">\n\t\t\t\t<a href=\"#elementor-action%3Aaction%3Dpopup%3Aopen%26settings%3DeyJpZCI6IjEwNDAiLCJ0b2dnbGUiOmZhbHNlfQ%3D%3D\" class=\"elementor-icon\" tabindex=\"-1\" aria-label=\"haberler \/ blog\">\n\t\t\t\t<i aria-hidden=\"true\" class=\"icon icon-arrow-right\"><\/i>\t\t\t\t<\/a>\n\t\t\t<\/div>\n\t\t\t\n\t\t\t\t\t\t<div class=\"elementor-icon-box-content\">\n\n\t\t\t\t\t\t\t\t\t<div class=\"elementor-icon-box-title\">\n\t\t\t\t\t\t<a href=\"#elementor-action%3Aaction%3Dpopup%3Aopen%26settings%3DeyJpZCI6IjEwNDAiLCJ0b2dnbGUiOmZhbHNlfQ%3D%3D\" >\n\t\t\t\t\t\t\thaberler \/ blog\t\t\t\t\t\t<\/a>\n\t\t\t\t\t<\/div>\n\t\t\t\t\n\t\t\t\t\n\t\t\t<\/div>\n\t\t\t\n\t\t<\/div>\n\t\t\t\t\t\t<\/div>\n\t\t\t\t<\/div>\n\t\t\t\t<div class=\"elementor-element elementor-element-42bf4886 premium-mobile-icon-box-center premium-icon-box-center elementor-widget elementor-widget-premium-addon-icon-box\" data-id=\"42bf4886\" data-element_type=\"widget\" data-e-type=\"widget\" data-widget_type=\"premium-addon-icon-box.default\">\n\t\t\t\t<div class=\"elementor-widget-container\">\n\t\t\t\t\t\n\t\t\t\t<div class=\"premium-icon-box-container-in premium-icon-box-flex-top premium-icon-box-flex-ver-top\" >\n\t\t\t<div class=\"premium-icon-box-icon-container\">\n\n\t\t\t\t<div class=\"premium-icon-wrapper\">\n\t\t\t\t\t<i class=\"premium-icon-box-icon none icon icon-check-circle\" aria-hidden=\"true\"><\/i>\n\t\t\t\t\t\t\t\t\t\t<\/div>\n\t\t\t\t<\/div>\n\n\t\t\t<div class=\"premium-icon-box-content-wrap premium-icon-box-cta-\">\n\n\t\t\t\t\t\t\t\t\t<div class=\"premium-icon-box-text-wrap\">\n\t\t\t\t\t\n\t\t\t\t\t\t\t<h3 class=\"premium-icon-box-title\">\u00c7evre Dostu Malzemeler\t\t\t\t\t\t\t\t\t\t\t\t\t\t<\/h3>\n\t\t\t\t\t\n\t\t\t\t\t\t\t\t\t\t\t<div class=\"premium-icon-box-content\">\n\t\t\t\t\t\t\t<p>\u00dcr\u00fcnlerimiz, \u00e7evresel etkiyi azaltmaya yard\u0131mc\u0131 olmak i\u00e7in s\u00fcrd\u00fcr\u00fclebilir, \u00e7evre dostu malzemelerden \u00fcretilmi\u015ftir.<\/p>\t\t\t\t\t\t<\/div>\n\t\t\t\t\t\t\t\t\t\t<\/div>\n\t\t\t\t\n\t\t\t\t\t\t\t<\/div>\n\t\t<\/div>\n\n\t\t\t\t\t\t\t\t\t\t\t\t<\/div>\n\t\t\t\t<\/div>\n\t\t\t\t<div class=\"elementor-element elementor-element-34c1f10a premium-mobile-icon-box-center premium-icon-box-center elementor-widget elementor-widget-premium-addon-icon-box\" data-id=\"34c1f10a\" data-element_type=\"widget\" data-e-type=\"widget\" data-widget_type=\"premium-addon-icon-box.default\">\n\t\t\t\t<div class=\"elementor-widget-container\">\n\t\t\t\t\t\n\t\t\t\t<div class=\"premium-icon-box-container-in premium-icon-box-flex-top premium-icon-box-flex-ver-top\" >\n\t\t\t<div class=\"premium-icon-box-icon-container\">\n\n\t\t\t\t<div class=\"premium-icon-wrapper\">\n\t\t\t\t\t<i class=\"premium-icon-box-icon none icon icon-check-circle\" aria-hidden=\"true\"><\/i>\n\t\t\t\t\t\t\t\t\t\t<\/div>\n\t\t\t\t<\/div>\n\n\t\t\t<div class=\"premium-icon-box-content-wrap premium-icon-box-cta-\">\n\n\t\t\t\t\t\t\t\t\t<div class=\"premium-icon-box-text-wrap\">\n\t\t\t\t\t\n\t\t\t\t\t\t\t<h3 class=\"premium-icon-box-title\">\u00d6zelle\u015ftirilebilir Tasar\u0131mlar\t\t\t\t\t\t\t\t\t\t\t\t\t\t<\/h3>\n\t\t\t\t\t\n\t\t\t\t\t\t\t\t\t\t\t<div class=\"premium-icon-box-content\">\n\t\t\t\t\t\t\t<p>Markan\u0131za uygun logo bask\u0131s\u0131 ve boyut ayarlamalar\u0131 dahil olmak \u00fczere tamamen \u00f6zelle\u015ftirilebilir ambalaj se\u00e7enekleri.<\/p>\t\t\t\t\t\t<\/div>\n\t\t\t\t\t\t\t\t\t\t<\/div>\n\t\t\t\t\n\t\t\t\t\t\t\t<\/div>\n\t\t<\/div>\n\n\t\t\t\t\t\t\t\t\t\t\t\t<\/div>\n\t\t\t\t<\/div>\n\t\t\t\t<div class=\"elementor-element elementor-element-12453329 premium-mobile-icon-box-center premium-icon-box-center elementor-widget elementor-widget-premium-addon-icon-box\" data-id=\"12453329\" data-element_type=\"widget\" data-e-type=\"widget\" data-widget_type=\"premium-addon-icon-box.default\">\n\t\t\t\t<div class=\"elementor-widget-container\">\n\t\t\t\t\t\n\t\t\t\t<div class=\"premium-icon-box-container-in premium-icon-box-flex-top premium-icon-box-flex-ver-top\" >\n\t\t\t<div class=\"premium-icon-box-icon-container\">\n\n\t\t\t\t<div class=\"premium-icon-wrapper\">\n\t\t\t\t\t<i class=\"premium-icon-box-icon none icon icon-check-circle\" aria-hidden=\"true\"><\/i>\n\t\t\t\t\t\t\t\t\t\t<\/div>\n\t\t\t\t<\/div>\n\n\t\t\t<div class=\"premium-icon-box-content-wrap premium-icon-box-cta-\">\n\n\t\t\t\t\t\t\t\t\t<div class=\"premium-icon-box-text-wrap\">\n\t\t\t\t\t\n\t\t\t\t\t\t\t<h3 class=\"premium-icon-box-title\">Dayan\u0131kl\u0131 ve G\u00fcvenilir\t\t\t\t\t\t\t\t\t\t\t\t\t\t<\/h3>\n\t\t\t\t\t\n\t\t\t\t\t\t\t\t\t\t\t<div class=\"premium-icon-box-content\">\n\t\t\t\t\t\t\t<p>Y\u00fcksek kaliteli malzemeler, ambalajlar\u0131m\u0131z\u0131n \u00e7e\u015fitli g\u0131da t\u00fcrleri i\u00e7in dayan\u0131kl\u0131 ve g\u00fcvenli olmas\u0131n\u0131 sa\u011flar.<\/p>\t\t\t\t\t\t<\/div>\n\t\t\t\t\t\t\t\t\t\t<\/div>\n\t\t\t\t\n\t\t\t\t\t\t\t<\/div>\n\t\t<\/div>\n\n\t\t\t\t\t\t\t\t\t\t\t\t<\/div>\n\t\t\t\t<\/div>\n\t\t\t\t<div class=\"elementor-element elementor-element-5c36ce28 premium-mobile-icon-box-center premium-icon-box-center elementor-widget elementor-widget-premium-addon-icon-box\" data-id=\"5c36ce28\" data-element_type=\"widget\" data-e-type=\"widget\" data-widget_type=\"premium-addon-icon-box.default\">\n\t\t\t\t<div class=\"elementor-widget-container\">\n\t\t\t\t\t\n\t\t\t\t<div class=\"premium-icon-box-container-in premium-icon-box-flex-top premium-icon-box-flex-ver-top\" >\n\t\t\t<div class=\"premium-icon-box-icon-container\">\n\n\t\t\t\t<div class=\"premium-icon-wrapper\">\n\t\t\t\t\t<i class=\"premium-icon-box-icon none icon icon-check-circle\" aria-hidden=\"true\"><\/i>\n\t\t\t\t\t\t\t\t\t\t<\/div>\n\t\t\t\t<\/div>\n\n\t\t\t<div class=\"premium-icon-box-content-wrap premium-icon-box-cta-\">\n\n\t\t\t\t\t\t\t\t\t<div class=\"premium-icon-box-text-wrap\">\n\t\t\t\t\t\n\t\t\t\t\t\t\t<h3 class=\"premium-icon-box-title\">Uluslararas\u0131 \u0130hracat\t\t\t\t\t\t\t\t\t\t\t\t\t\t<\/h3>\n\t\t\t\t\t\n\t\t\t\t\t\t\t\t\t\t\t<div class=\"premium-icon-box-content\">\n\t\t\t\t\t\t\t<p>D\u00fcnya \u00e7ap\u0131nda g\u00fcvenilen, bir\u00e7ok k\u0131taya en uygun fiyatlarla ambalaj \u00e7\u00f6z\u00fcmleri sunuyoruz.<\/p>\t\t\t\t\t\t<\/div>\n\t\t\t\t\t\t\t\t\t\t<\/div>\n\t\t\t\t\n\t\t\t\t\t\t\t<\/div>\n\t\t<\/div>\n\n\t\t\t\t\t\t\t\t\t\t\t\t<\/div>\n\t\t\t\t<\/div>\n\t\t\t\t<\/div>\n\t\t\t\t<\/div>\n\t\t<\/div>\n\t\t\t\t\t\t<\/div>\n\t\t\t\t<\/div>\n\t\t\t\t<\/div>\n\t\t<div class=\"elementor-element elementor-element-4e2b43a5 e-con-full e-flex e-con e-child\" data-id=\"4e2b43a5\" data-element_type=\"container\" data-e-type=\"container\">\n\t\t<div class=\"elementor-element elementor-element-1857af6f e-con-full e-flex e-con e-child\" data-id=\"1857af6f\" data-element_type=\"container\" data-e-type=\"container\">\n\t\t\t\t<div class=\"elementor-element elementor-element-4190274e elementor-widget elementor-widget-image\" data-id=\"4190274e\" data-element_type=\"widget\" data-e-type=\"widget\" data-widget_type=\"image.default\">\n\t\t\t\t<div class=\"elementor-widget-container\">\n\t\t\t\t\t\t\t\t\t\t\t\t\t\t\t<img fetchpriority=\"high\" decoding=\"async\" width=\"1200\" height=\"800\" src=\"https:\/\/armelex.com\/wp-content\/uploads\/2024\/11\/kalite-politikamiz.jpg\" class=\"attachment-full size-full wp-image-1000\" alt=\"\" srcset=\"https:\/\/armelex.com\/wp-content\/uploads\/2024\/11\/kalite-politikamiz.jpg 1200w, https:\/\/armelex.com\/wp-content\/uploads\/2024\/11\/kalite-politikamiz-300x200.jpg 300w, https:\/\/armelex.com\/wp-content\/uploads\/2024\/11\/kalite-politikamiz-1024x683.jpg 1024w, https:\/\/armelex.com\/wp-content\/uploads\/2024\/11\/kalite-politikamiz-768x512.jpg 768w, https:\/\/armelex.com\/wp-content\/uploads\/2024\/11\/kalite-politikamiz-18x12.jpg 18w\" sizes=\"(max-width: 1200px) 100vw, 1200px\" \/>\t\t\t\t\t\t\t\t\t\t\t\t\t\t\t<\/div>\n\t\t\t\t<\/div>\n\t\t\t\t<div class=\"elementor-element elementor-element-7ce6fc4c elementor-widget elementor-widget-text-editor\" data-id=\"7ce6fc4c\" data-element_type=\"widget\" data-e-type=\"widget\" data-widget_type=\"text-editor.default\">\n\t\t\t\t<div class=\"elementor-widget-container\">\n\t\t\t\t\t\t\t\t\t<p>Armelex'te kalite, i\u015fimizin her y\u00f6n\u00fcne rehberlik eden temel bir de\u011ferdir. En y\u00fcksek end\u00fcstri standartlar\u0131n\u0131 kar\u015f\u0131layan ve m\u00fc\u015fterilerimizin beklentilerini a\u015fan g\u00fcvenilir, dayan\u0131kl\u0131 ve \u00e7evre dostu ambalaj \u00e7\u00f6z\u00fcmleri sunmaya kararl\u0131y\u0131z. Kalite Politikam\u0131z m\u00fc\u015fteri memnuniyeti, s\u00fcrekli iyile\u015ftirme ve operasyonel m\u00fckemmellik ilkeleri \u00fczerine in\u015fa edilmi\u015ftir.<\/p><p>Her bir \u00fcr\u00fcn\u00fcn kat\u0131 kalite gerekliliklerini kar\u015f\u0131lad\u0131\u011f\u0131ndan emin olmak i\u00e7in \u00fcretim s\u00fcrecimiz boyunca titiz kalite kontrol \u00f6nlemleri uyguluyoruz. Hammadde se\u00e7iminden nihai paketlemeye kadar her ad\u0131m, tutarl\u0131l\u0131k ve g\u00fcvenilirli\u011fi garanti etmek i\u00e7in dikkatle izlenir ve optimize edilir. \u0130novasyon ve s\u00fcrd\u00fcr\u00fclebilir uygulamalara odaklanmam\u0131z, \u00e7evresel ayak izimizi en aza indirirken verimlili\u011fi art\u0131rmam\u0131z\u0131 sa\u011fl\u0131yor.<\/p><p>M\u00fc\u015fterilerimizin ihtiya\u00e7lar\u0131n\u0131 anlamak ve ele almak yakla\u015f\u0131m\u0131m\u0131z\u0131n merkezinde yer almaktad\u0131r. M\u00fc\u015fterilerimizin \u00f6zel gereksinimlerine uygun \u00e7\u00f6z\u00fcmler sunmak i\u00e7in onlarla yak\u0131n i\u015fbirli\u011fi i\u00e7inde \u00e7al\u0131\u015f\u0131yoruz. A\u00e7\u0131k ileti\u015fimi te\u015fvik ederek ve geri bildirim toplayarak, ola\u011fan\u00fcst\u00fc de\u011fer sunmak i\u00e7in \u00fcr\u00fcnlerimizi ve hizmetlerimizi s\u00fcrekli olarak geli\u015ftiriyoruz.<\/p><p>Armelex, kalitenin sadece bir ama\u00e7 de\u011fil, kurumsal k\u00fclt\u00fcr\u00fcm\u00fcz\u00fcn temel bir par\u00e7as\u0131 oldu\u011funa inanmaktad\u0131r. M\u00fckemmelli\u011fe olan ba\u011fl\u0131l\u0131\u011f\u0131m\u0131z\u0131 s\u00fcrd\u00fcrmek i\u00e7in ekip \u00fcyelerimizin s\u00fcrekli geli\u015fimine ve e\u011fitimine yat\u0131r\u0131m yap\u0131yoruz. Y\u00fcksek standartlara olan ortak ba\u011fl\u0131l\u0131\u011f\u0131m\u0131z sayesinde sekt\u00f6rdeki lider konumumuzu korumay\u0131 ve m\u00fc\u015fterilerimize benzersiz hizmet ve \u00fcr\u00fcnler sunmay\u0131 hedefliyoruz.<\/p>\t\t\t\t\t\t\t\t<\/div>\n\t\t\t\t<\/div>\n\t\t\t\t<\/div>\n\t\t\t\t<\/div>\n\t\t\t\t\t<\/div>\n\t\t\t\t<\/div>\n\t\t\t\t<\/div>","protected":false},"excerpt":{"rendered":"<p>Home At Armelex, quality is a core value that guides every aspect of our business. We are committed to delivering reliable, durable, and eco-friendly packaging solutions that meet the highest industry standards and exceed our customers&#8217; expectations. Our Quality Policy is built on the principles of customer satisfaction, continuous improvement, and operational excellence. We implement [&hellip;]<\/p>","protected":false},"author":1,"featured_media":0,"parent":0,"menu_order":0,"comment_status":"closed","ping_status":"closed","template":"","meta":{"_acf_changed":false,"footnotes":""},"class_list":["post-998","page","type-page","status-publish","hentry"],"acf":[],"_links":{"self":[{"href":"https:\/\/armelex.com\/tr\/wp-json\/wp\/v2\/pages\/998","targetHints":{"allow":["GET"]}}],"collection":[{"href":"https:\/\/armelex.com\/tr\/wp-json\/wp\/v2\/pages"}],"about":[{"href":"https:\/\/armelex.com\/tr\/wp-json\/wp\/v2\/types\/page"}],"author":[{"embeddable":true,"href":"https:\/\/armelex.com\/tr\/wp-json\/wp\/v2\/users\/1"}],"replies":[{"embeddable":true,"href":"https:\/\/armelex.com\/tr\/wp-json\/wp\/v2\/comments?post=998"}],"version-history":[{"count":0,"href":"https:\/\/armelex.com\/tr\/wp-json\/wp\/v2\/pages\/998\/revisions"}],"wp:attachment":[{"href":"https:\/\/armelex.com\/tr\/wp-json\/wp\/v2\/media?parent=998"}],"curies":[{"name":"wp","href":"https:\/\/api.w.org\/{rel}","templated":true}]}}