{"id":992,"date":"2024-11-10T22:11:22","date_gmt":"2024-11-10T22:11:22","guid":{"rendered":"https:\/\/armelex.com\/?page_id=992"},"modified":"2024-11-10T22:12:26","modified_gmt":"2024-11-10T22:12:26","slug":"ohs-policy","status":"publish","type":"page","link":"https:\/\/armelex.com\/tr\/ohs-policy\/","title":{"rendered":"\u0130SG Politikas\u0131"},"content":{"rendered":"<div data-elementor-type=\"wp-page\" data-elementor-id=\"992\" class=\"elementor elementor-992\" data-elementor-post-type=\"page\">\n\t\t\t\t<div class=\"elementor-element elementor-element-3aa55a4b e-flex e-con-boxed e-con e-parent\" data-id=\"3aa55a4b\" data-element_type=\"container\" data-e-type=\"container\" data-settings=\"{&quot;background_background&quot;:&quot;classic&quot;}\">\n\t\t\t\t\t<div class=\"e-con-inner\">\n\t\t\t\t<div class=\"elementor-element elementor-element-541a5315 jet-breadcrumbs-align-center elementor-widget elementor-widget-jet-breadcrumbs\" data-id=\"541a5315\" data-element_type=\"widget\" data-e-type=\"widget\" data-widget_type=\"jet-breadcrumbs.default\">\n\t\t\t\t<div class=\"elementor-widget-container\">\n\t\t\t\t\t<div class=\"elementor-jet-breadcrumbs jet-blocks\">\n\t\t<div class=\"jet-breadcrumbs\">\n\t\t<div class=\"jet-breadcrumbs__content\">\n\t\t<div class=\"jet-breadcrumbs__wrap\"><div class=\"jet-breadcrumbs__item\"><a href=\"https:\/\/armelex.com\/tr\/\" class=\"jet-breadcrumbs__item-link is-home\" rel=\"home\" title=\"Ev\">Ev<\/a><\/div>\n\t\t<\/div>\n\t\t<\/div>\n\t\t<\/div><\/div>\t\t\t\t<\/div>\n\t\t\t\t<\/div>\n\t\t\t\t\t<\/div>\n\t\t\t\t<\/div>\n\t\t<div class=\"elementor-element elementor-element-21c60a3d e-flex e-con-boxed e-con e-parent\" data-id=\"21c60a3d\" data-element_type=\"container\" data-e-type=\"container\">\n\t\t\t\t\t<div class=\"e-con-inner\">\n\t\t<div class=\"elementor-element elementor-element-a7a997e e-con-full elementor-hidden-tablet elementor-hidden-mobile e-flex e-con e-child\" data-id=\"a7a997e\" data-element_type=\"container\" data-e-type=\"container\">\n\t\t\t\t<div class=\"elementor-element elementor-element-7fe7356c elementor-widget elementor-widget-shortcode\" data-id=\"7fe7356c\" data-element_type=\"widget\" data-e-type=\"widget\" data-widget_type=\"shortcode.default\">\n\t\t\t\t<div class=\"elementor-widget-container\">\n\t\t\t\t\t\t\t<div class=\"elementor-shortcode\">\t\t<div data-elementor-type=\"container\" data-elementor-id=\"967\" class=\"elementor elementor-967\" data-elementor-post-type=\"elementor_library\">\n\t\t\t\t<div class=\"elementor-element elementor-element-2da49f89 e-con-full e-flex e-con e-child\" data-id=\"2da49f89\" data-element_type=\"container\" data-e-type=\"container\">\n\t\t\t\t<div data-premium-element-link=\"{&quot;type&quot;:&quot;url&quot;,&quot;link&quot;:{&quot;url&quot;:&quot;https:\\\/\\\/armelex.com\\\/tr&quot;,&quot;is_external&quot;:&quot;&quot;,&quot;nofollow&quot;:&quot;&quot;,&quot;custom_attributes&quot;:&quot;&quot;},&quot;href&quot;:&quot;https:\\\/\\\/armelex.com\\\/tr&quot;}\" style=\"cursor: pointer\" class=\"elementor-element elementor-element-3e65a4c6 elementor-position-inline-end premium-wrapper-link-yes elementor-view-default elementor-mobile-position-block-start elementor-widget elementor-widget-icon-box\" data-id=\"3e65a4c6\" data-element_type=\"widget\" data-e-type=\"widget\" data-widget_type=\"icon-box.default\">\n\t\t\t\t<div class=\"elementor-widget-container\">\n\t\t\t\t\t\t\t<div class=\"elementor-icon-box-wrapper\">\n\n\t\t\t\t\t\t<div class=\"elementor-icon-box-icon\">\n\t\t\t\t<a href=\"https:\/\/armelex.com\/tr\" class=\"elementor-icon\" tabindex=\"-1\" aria-label=\"ev\">\n\t\t\t\t<i aria-hidden=\"true\" class=\"icon icon-arrow-right\"><\/i>\t\t\t\t<\/a>\n\t\t\t<\/div>\n\t\t\t\n\t\t\t\t\t\t<div class=\"elementor-icon-box-content\">\n\n\t\t\t\t\t\t\t\t\t<div class=\"elementor-icon-box-title\">\n\t\t\t\t\t\t<a href=\"https:\/\/armelex.com\/tr\" >\n\t\t\t\t\t\t\tev\t\t\t\t\t\t<\/a>\n\t\t\t\t\t<\/div>\n\t\t\t\t\n\t\t\t\t\n\t\t\t<\/div>\n\t\t\t\n\t\t<\/div>\n\t\t\t\t\t\t<\/div>\n\t\t\t\t<\/div>\n\t\t\t\t<div data-premium-element-link=\"{&quot;type&quot;:&quot;url&quot;,&quot;link&quot;:{&quot;url&quot;:&quot;https:\\\/\\\/armelex.com\\\/about-us\\\/&quot;,&quot;is_external&quot;:&quot;&quot;,&quot;nofollow&quot;:&quot;&quot;,&quot;custom_attributes&quot;:&quot;&quot;},&quot;href&quot;:&quot;https:\\\/\\\/armelex.com\\\/about-us\\\/&quot;}\" style=\"cursor: pointer\" class=\"elementor-element elementor-element-4f11c3c elementor-position-inline-end premium-wrapper-link-yes elementor-view-default elementor-mobile-position-block-start elementor-widget elementor-widget-icon-box\" data-id=\"4f11c3c\" data-element_type=\"widget\" data-e-type=\"widget\" data-widget_type=\"icon-box.default\">\n\t\t\t\t<div class=\"elementor-widget-container\">\n\t\t\t\t\t\t\t<div class=\"elementor-icon-box-wrapper\">\n\n\t\t\t\t\t\t<div class=\"elementor-icon-box-icon\">\n\t\t\t\t<a href=\"https:\/\/armelex.com\/about-us\/\" class=\"elementor-icon\" tabindex=\"-1\" aria-label=\"hakkimizda\">\n\t\t\t\t<i aria-hidden=\"true\" class=\"icon icon-arrow-right\"><\/i>\t\t\t\t<\/a>\n\t\t\t<\/div>\n\t\t\t\n\t\t\t\t\t\t<div class=\"elementor-icon-box-content\">\n\n\t\t\t\t\t\t\t\t\t<div class=\"elementor-icon-box-title\">\n\t\t\t\t\t\t<a href=\"https:\/\/armelex.com\/about-us\/\" >\n\t\t\t\t\t\t\thakkimizda\t\t\t\t\t\t<\/a>\n\t\t\t\t\t<\/div>\n\t\t\t\t\n\t\t\t\t\n\t\t\t<\/div>\n\t\t\t\n\t\t<\/div>\n\t\t\t\t\t\t<\/div>\n\t\t\t\t<\/div>\n\t\t\t\t<div data-premium-element-link=\"{&quot;type&quot;:&quot;url&quot;,&quot;link&quot;:{&quot;url&quot;:&quot;https:\\\/\\\/armelex.com\\\/contact-us\\\/&quot;,&quot;is_external&quot;:&quot;&quot;,&quot;nofollow&quot;:&quot;&quot;,&quot;custom_attributes&quot;:&quot;&quot;},&quot;href&quot;:&quot;https:\\\/\\\/armelex.com\\\/contact-us\\\/&quot;}\" style=\"cursor: pointer\" class=\"elementor-element elementor-element-34e938a3 elementor-position-inline-end premium-wrapper-link-yes elementor-view-default elementor-mobile-position-block-start elementor-widget elementor-widget-icon-box\" data-id=\"34e938a3\" data-element_type=\"widget\" data-e-type=\"widget\" data-widget_type=\"icon-box.default\">\n\t\t\t\t<div class=\"elementor-widget-container\">\n\t\t\t\t\t\t\t<div class=\"elementor-icon-box-wrapper\">\n\n\t\t\t\t\t\t<div class=\"elementor-icon-box-icon\">\n\t\t\t\t<a href=\"https:\/\/armelex.com\/contact-us\/\" class=\"elementor-icon\" tabindex=\"-1\" aria-label=\"Bize ula\u015f\u0131n\">\n\t\t\t\t<i aria-hidden=\"true\" class=\"icon icon-arrow-right\"><\/i>\t\t\t\t<\/a>\n\t\t\t<\/div>\n\t\t\t\n\t\t\t\t\t\t<div class=\"elementor-icon-box-content\">\n\n\t\t\t\t\t\t\t\t\t<div class=\"elementor-icon-box-title\">\n\t\t\t\t\t\t<a href=\"https:\/\/armelex.com\/contact-us\/\" >\n\t\t\t\t\t\t\tBize ula\u015f\u0131n\t\t\t\t\t\t<\/a>\n\t\t\t\t\t<\/div>\n\t\t\t\t\n\t\t\t\t\n\t\t\t<\/div>\n\t\t\t\n\t\t<\/div>\n\t\t\t\t\t\t<\/div>\n\t\t\t\t<\/div>\n\t\t\t\t<div data-premium-element-link=\"{&quot;type&quot;:&quot;url&quot;,&quot;link&quot;:{&quot;url&quot;:&quot;https:\\\/\\\/armelex.com\\\/category\\\/our-products\\\/&quot;,&quot;is_external&quot;:&quot;&quot;,&quot;nofollow&quot;:&quot;&quot;,&quot;custom_attributes&quot;:&quot;&quot;},&quot;href&quot;:&quot;https:\\\/\\\/armelex.com\\\/category\\\/our-products\\\/&quot;}\" style=\"cursor: pointer\" class=\"elementor-element elementor-element-51fda593 elementor-position-inline-end premium-wrapper-link-yes elementor-view-default elementor-mobile-position-block-start elementor-widget elementor-widget-icon-box\" data-id=\"51fda593\" data-element_type=\"widget\" data-e-type=\"widget\" data-widget_type=\"icon-box.default\">\n\t\t\t\t<div class=\"elementor-widget-container\">\n\t\t\t\t\t\t\t<div class=\"elementor-icon-box-wrapper\">\n\n\t\t\t\t\t\t<div class=\"elementor-icon-box-icon\">\n\t\t\t\t<a href=\"https:\/\/armelex.com\/category\/our-products\/\" class=\"elementor-icon\" tabindex=\"-1\" aria-label=\"\u00dcr\u00fcnlerimiz\">\n\t\t\t\t<i aria-hidden=\"true\" class=\"icon icon-arrow-right\"><\/i>\t\t\t\t<\/a>\n\t\t\t<\/div>\n\t\t\t\n\t\t\t\t\t\t<div class=\"elementor-icon-box-content\">\n\n\t\t\t\t\t\t\t\t\t<div class=\"elementor-icon-box-title\">\n\t\t\t\t\t\t<a href=\"https:\/\/armelex.com\/category\/our-products\/\" >\n\t\t\t\t\t\t\t\u00dcr\u00fcnlerimiz\t\t\t\t\t\t<\/a>\n\t\t\t\t\t<\/div>\n\t\t\t\t\n\t\t\t\t\n\t\t\t<\/div>\n\t\t\t\n\t\t<\/div>\n\t\t\t\t\t\t<\/div>\n\t\t\t\t<\/div>\n\t\t\t\t<div class=\"elementor-element elementor-element-f11d1c1 elementor-position-inline-end elementor-view-default elementor-mobile-position-block-start elementor-widget elementor-widget-icon-box\" data-id=\"f11d1c1\" data-element_type=\"widget\" data-e-type=\"widget\" data-widget_type=\"icon-box.default\">\n\t\t\t\t<div class=\"elementor-widget-container\">\n\t\t\t\t\t\t\t<div class=\"elementor-icon-box-wrapper\">\n\n\t\t\t\t\t\t<div class=\"elementor-icon-box-icon\">\n\t\t\t\t<a href=\"#elementor-action%3Aaction%3Dpopup%3Aopen%26settings%3DeyJpZCI6IjEwMzEiLCJ0b2dnbGUiOmZhbHNlfQ%3D%3D\" class=\"elementor-icon\" tabindex=\"-1\" aria-label=\"e-katalog\">\n\t\t\t\t<i aria-hidden=\"true\" class=\"icon icon-arrow-right\"><\/i>\t\t\t\t<\/a>\n\t\t\t<\/div>\n\t\t\t\n\t\t\t\t\t\t<div class=\"elementor-icon-box-content\">\n\n\t\t\t\t\t\t\t\t\t<div class=\"elementor-icon-box-title\">\n\t\t\t\t\t\t<a href=\"#elementor-action%3Aaction%3Dpopup%3Aopen%26settings%3DeyJpZCI6IjEwMzEiLCJ0b2dnbGUiOmZhbHNlfQ%3D%3D\" >\n\t\t\t\t\t\t\te-katalog\t\t\t\t\t\t<\/a>\n\t\t\t\t\t<\/div>\n\t\t\t\t\n\t\t\t\t\n\t\t\t<\/div>\n\t\t\t\n\t\t<\/div>\n\t\t\t\t\t\t<\/div>\n\t\t\t\t<\/div>\n\t\t\t\t<div class=\"elementor-element elementor-element-2061de2 elementor-position-inline-end elementor-view-default elementor-mobile-position-block-start elementor-widget elementor-widget-icon-box\" data-id=\"2061de2\" data-element_type=\"widget\" data-e-type=\"widget\" data-widget_type=\"icon-box.default\">\n\t\t\t\t<div class=\"elementor-widget-container\">\n\t\t\t\t\t\t\t<div class=\"elementor-icon-box-wrapper\">\n\n\t\t\t\t\t\t<div class=\"elementor-icon-box-icon\">\n\t\t\t\t<a href=\"#elementor-action%3Aaction%3Dpopup%3Aopen%26settings%3DeyJpZCI6IjEwNDAiLCJ0b2dnbGUiOmZhbHNlfQ%3D%3D\" class=\"elementor-icon\" tabindex=\"-1\" aria-label=\"haberler \/ blog\">\n\t\t\t\t<i aria-hidden=\"true\" class=\"icon icon-arrow-right\"><\/i>\t\t\t\t<\/a>\n\t\t\t<\/div>\n\t\t\t\n\t\t\t\t\t\t<div class=\"elementor-icon-box-content\">\n\n\t\t\t\t\t\t\t\t\t<div class=\"elementor-icon-box-title\">\n\t\t\t\t\t\t<a href=\"#elementor-action%3Aaction%3Dpopup%3Aopen%26settings%3DeyJpZCI6IjEwNDAiLCJ0b2dnbGUiOmZhbHNlfQ%3D%3D\" >\n\t\t\t\t\t\t\thaberler \/ blog\t\t\t\t\t\t<\/a>\n\t\t\t\t\t<\/div>\n\t\t\t\t\n\t\t\t\t\n\t\t\t<\/div>\n\t\t\t\n\t\t<\/div>\n\t\t\t\t\t\t<\/div>\n\t\t\t\t<\/div>\n\t\t\t\t<div class=\"elementor-element elementor-element-42bf4886 premium-mobile-icon-box-center premium-icon-box-center elementor-widget elementor-widget-premium-addon-icon-box\" data-id=\"42bf4886\" data-element_type=\"widget\" data-e-type=\"widget\" data-widget_type=\"premium-addon-icon-box.default\">\n\t\t\t\t<div class=\"elementor-widget-container\">\n\t\t\t\t\t\n\t\t\t\t<div class=\"premium-icon-box-container-in premium-icon-box-flex-top premium-icon-box-flex-ver-top\" >\n\t\t\t<div class=\"premium-icon-box-icon-container\">\n\n\t\t\t\t<div class=\"premium-icon-wrapper\">\n\t\t\t\t\t<i class=\"premium-icon-box-icon none icon icon-check-circle\" aria-hidden=\"true\"><\/i>\n\t\t\t\t\t\t\t\t\t\t<\/div>\n\t\t\t\t<\/div>\n\n\t\t\t<div class=\"premium-icon-box-content-wrap premium-icon-box-cta-\">\n\n\t\t\t\t\t\t\t\t\t<div class=\"premium-icon-box-text-wrap\">\n\t\t\t\t\t\n\t\t\t\t\t\t\t<h3 class=\"premium-icon-box-title\">\u00c7evre Dostu Malzemeler\t\t\t\t\t\t\t\t\t\t\t\t\t\t<\/h3>\n\t\t\t\t\t\n\t\t\t\t\t\t\t\t\t\t\t<div class=\"premium-icon-box-content\">\n\t\t\t\t\t\t\t<p>\u00dcr\u00fcnlerimiz, \u00e7evresel etkiyi azaltmaya yard\u0131mc\u0131 olmak i\u00e7in s\u00fcrd\u00fcr\u00fclebilir, \u00e7evre dostu malzemelerden \u00fcretilmi\u015ftir.<\/p>\t\t\t\t\t\t<\/div>\n\t\t\t\t\t\t\t\t\t\t<\/div>\n\t\t\t\t\n\t\t\t\t\t\t\t<\/div>\n\t\t<\/div>\n\n\t\t\t\t\t\t\t\t\t\t\t\t<\/div>\n\t\t\t\t<\/div>\n\t\t\t\t<div class=\"elementor-element elementor-element-34c1f10a premium-mobile-icon-box-center premium-icon-box-center elementor-widget elementor-widget-premium-addon-icon-box\" data-id=\"34c1f10a\" data-element_type=\"widget\" data-e-type=\"widget\" data-widget_type=\"premium-addon-icon-box.default\">\n\t\t\t\t<div class=\"elementor-widget-container\">\n\t\t\t\t\t\n\t\t\t\t<div class=\"premium-icon-box-container-in premium-icon-box-flex-top premium-icon-box-flex-ver-top\" >\n\t\t\t<div class=\"premium-icon-box-icon-container\">\n\n\t\t\t\t<div class=\"premium-icon-wrapper\">\n\t\t\t\t\t<i class=\"premium-icon-box-icon none icon icon-check-circle\" aria-hidden=\"true\"><\/i>\n\t\t\t\t\t\t\t\t\t\t<\/div>\n\t\t\t\t<\/div>\n\n\t\t\t<div class=\"premium-icon-box-content-wrap premium-icon-box-cta-\">\n\n\t\t\t\t\t\t\t\t\t<div class=\"premium-icon-box-text-wrap\">\n\t\t\t\t\t\n\t\t\t\t\t\t\t<h3 class=\"premium-icon-box-title\">\u00d6zelle\u015ftirilebilir Tasar\u0131mlar\t\t\t\t\t\t\t\t\t\t\t\t\t\t<\/h3>\n\t\t\t\t\t\n\t\t\t\t\t\t\t\t\t\t\t<div class=\"premium-icon-box-content\">\n\t\t\t\t\t\t\t<p>Markan\u0131za uygun logo bask\u0131s\u0131 ve boyut ayarlamalar\u0131 dahil olmak \u00fczere tamamen \u00f6zelle\u015ftirilebilir ambalaj se\u00e7enekleri.<\/p>\t\t\t\t\t\t<\/div>\n\t\t\t\t\t\t\t\t\t\t<\/div>\n\t\t\t\t\n\t\t\t\t\t\t\t<\/div>\n\t\t<\/div>\n\n\t\t\t\t\t\t\t\t\t\t\t\t<\/div>\n\t\t\t\t<\/div>\n\t\t\t\t<div class=\"elementor-element elementor-element-12453329 premium-mobile-icon-box-center premium-icon-box-center elementor-widget elementor-widget-premium-addon-icon-box\" data-id=\"12453329\" data-element_type=\"widget\" data-e-type=\"widget\" data-widget_type=\"premium-addon-icon-box.default\">\n\t\t\t\t<div class=\"elementor-widget-container\">\n\t\t\t\t\t\n\t\t\t\t<div class=\"premium-icon-box-container-in premium-icon-box-flex-top premium-icon-box-flex-ver-top\" >\n\t\t\t<div class=\"premium-icon-box-icon-container\">\n\n\t\t\t\t<div class=\"premium-icon-wrapper\">\n\t\t\t\t\t<i class=\"premium-icon-box-icon none icon icon-check-circle\" aria-hidden=\"true\"><\/i>\n\t\t\t\t\t\t\t\t\t\t<\/div>\n\t\t\t\t<\/div>\n\n\t\t\t<div class=\"premium-icon-box-content-wrap premium-icon-box-cta-\">\n\n\t\t\t\t\t\t\t\t\t<div class=\"premium-icon-box-text-wrap\">\n\t\t\t\t\t\n\t\t\t\t\t\t\t<h3 class=\"premium-icon-box-title\">Dayan\u0131kl\u0131 ve G\u00fcvenilir\t\t\t\t\t\t\t\t\t\t\t\t\t\t<\/h3>\n\t\t\t\t\t\n\t\t\t\t\t\t\t\t\t\t\t<div class=\"premium-icon-box-content\">\n\t\t\t\t\t\t\t<p>Y\u00fcksek kaliteli malzemeler, ambalajlar\u0131m\u0131z\u0131n \u00e7e\u015fitli g\u0131da t\u00fcrleri i\u00e7in dayan\u0131kl\u0131 ve g\u00fcvenli olmas\u0131n\u0131 sa\u011flar.<\/p>\t\t\t\t\t\t<\/div>\n\t\t\t\t\t\t\t\t\t\t<\/div>\n\t\t\t\t\n\t\t\t\t\t\t\t<\/div>\n\t\t<\/div>\n\n\t\t\t\t\t\t\t\t\t\t\t\t<\/div>\n\t\t\t\t<\/div>\n\t\t\t\t<div class=\"elementor-element elementor-element-5c36ce28 premium-mobile-icon-box-center premium-icon-box-center elementor-widget elementor-widget-premium-addon-icon-box\" data-id=\"5c36ce28\" data-element_type=\"widget\" data-e-type=\"widget\" data-widget_type=\"premium-addon-icon-box.default\">\n\t\t\t\t<div class=\"elementor-widget-container\">\n\t\t\t\t\t\n\t\t\t\t<div class=\"premium-icon-box-container-in premium-icon-box-flex-top premium-icon-box-flex-ver-top\" >\n\t\t\t<div class=\"premium-icon-box-icon-container\">\n\n\t\t\t\t<div class=\"premium-icon-wrapper\">\n\t\t\t\t\t<i class=\"premium-icon-box-icon none icon icon-check-circle\" aria-hidden=\"true\"><\/i>\n\t\t\t\t\t\t\t\t\t\t<\/div>\n\t\t\t\t<\/div>\n\n\t\t\t<div class=\"premium-icon-box-content-wrap premium-icon-box-cta-\">\n\n\t\t\t\t\t\t\t\t\t<div class=\"premium-icon-box-text-wrap\">\n\t\t\t\t\t\n\t\t\t\t\t\t\t<h3 class=\"premium-icon-box-title\">Uluslararas\u0131 \u0130hracat\t\t\t\t\t\t\t\t\t\t\t\t\t\t<\/h3>\n\t\t\t\t\t\n\t\t\t\t\t\t\t\t\t\t\t<div class=\"premium-icon-box-content\">\n\t\t\t\t\t\t\t<p>D\u00fcnya \u00e7ap\u0131nda g\u00fcvenilen, bir\u00e7ok k\u0131taya en uygun fiyatlarla ambalaj \u00e7\u00f6z\u00fcmleri sunuyoruz.<\/p>\t\t\t\t\t\t<\/div>\n\t\t\t\t\t\t\t\t\t\t<\/div>\n\t\t\t\t\n\t\t\t\t\t\t\t<\/div>\n\t\t<\/div>\n\n\t\t\t\t\t\t\t\t\t\t\t\t<\/div>\n\t\t\t\t<\/div>\n\t\t\t\t<\/div>\n\t\t\t\t<\/div>\n\t\t<\/div>\n\t\t\t\t\t\t<\/div>\n\t\t\t\t<\/div>\n\t\t\t\t<\/div>\n\t\t<div class=\"elementor-element elementor-element-4e2b43a5 e-con-full e-flex e-con e-child\" data-id=\"4e2b43a5\" data-element_type=\"container\" data-e-type=\"container\">\n\t\t<div class=\"elementor-element elementor-element-1857af6f e-con-full e-flex e-con e-child\" data-id=\"1857af6f\" data-element_type=\"container\" data-e-type=\"container\">\n\t\t\t\t<div class=\"elementor-element elementor-element-4190274e elementor-widget elementor-widget-image\" data-id=\"4190274e\" data-element_type=\"widget\" data-e-type=\"widget\" data-widget_type=\"image.default\">\n\t\t\t\t<div class=\"elementor-widget-container\">\n\t\t\t\t\t\t\t\t\t\t\t\t\t\t\t<img fetchpriority=\"high\" decoding=\"async\" width=\"1200\" height=\"800\" src=\"https:\/\/armelex.com\/wp-content\/uploads\/2024\/11\/isg-politikamiz.webp\" class=\"attachment-full size-full wp-image-994\" alt=\"\" srcset=\"https:\/\/armelex.com\/wp-content\/uploads\/2024\/11\/isg-politikamiz.webp 1200w, https:\/\/armelex.com\/wp-content\/uploads\/2024\/11\/isg-politikamiz-300x200.webp 300w, https:\/\/armelex.com\/wp-content\/uploads\/2024\/11\/isg-politikamiz-1024x683.webp 1024w, https:\/\/armelex.com\/wp-content\/uploads\/2024\/11\/isg-politikamiz-768x512.webp 768w, https:\/\/armelex.com\/wp-content\/uploads\/2024\/11\/isg-politikamiz-18x12.webp 18w\" sizes=\"(max-width: 1200px) 100vw, 1200px\" \/>\t\t\t\t\t\t\t\t\t\t\t\t\t\t\t<\/div>\n\t\t\t\t<\/div>\n\t\t\t\t<div class=\"elementor-element elementor-element-7ce6fc4c elementor-widget elementor-widget-text-editor\" data-id=\"7ce6fc4c\" data-element_type=\"widget\" data-e-type=\"widget\" data-widget_type=\"text-editor.default\">\n\t\t\t\t<div class=\"elementor-widget-container\">\n\t\t\t\t\t\t\t\t\t<p>Armelex'te \u00e7al\u0131\u015fanlar\u0131m\u0131z\u0131n, ortaklar\u0131m\u0131z\u0131n ve faaliyetlerimizde yer alan herkesin sa\u011fl\u0131\u011f\u0131na, g\u00fcvenli\u011fine ve refah\u0131na en y\u00fcksek \u00f6nemi veriyoruz. \u00dcr\u00fcn ve hizmetlerimizde m\u00fckemmelli\u011fe ula\u015fmak i\u00e7in g\u00fcvenli bir \u00e7al\u0131\u015fma ortam\u0131n\u0131n \u015fart oldu\u011funa inan\u0131yoruz. \u0130\u015f Sa\u011fl\u0131\u011f\u0131 ve G\u00fcvenli\u011fi (\u0130SG) Politikam\u0131z, bir g\u00fcvenlik k\u00fclt\u00fcr\u00fc olu\u015fturmak, riskleri en aza indirmek ve ilgili t\u00fcm y\u00f6netmeliklere ve end\u00fcstri standartlar\u0131na uyumu sa\u011flamak i\u00e7in tasarlanm\u0131\u015ft\u0131r.<\/p><p>S\u00fcrekli risk de\u011ferlendirmeleri, proaktif tehlike tan\u0131mlama ve etkili g\u00fcvenlik \u00f6nlemlerinin uygulanmas\u0131 yoluyla g\u00fcvenli ve sa\u011fl\u0131kl\u0131 bir i\u015fyeri sa\u011flamay\u0131 taahh\u00fct ediyoruz. Ekibimiz, g\u00f6revlerini g\u00fcvenli ve verimli bir \u015fekilde yerine getirmek i\u00e7in gerekli e\u011fitim, kaynak ve ki\u015fisel koruyucu ekipman (KKE) ile donat\u0131lm\u0131\u015ft\u0131r. Y\u00fcksek standartlar\u0131 korumak ve olas\u0131 sorunlar\u0131 derhal ele almak i\u00e7in d\u00fczenli g\u00fcvenlik denetimleri ve tefti\u015fleri yap\u0131lmaktad\u0131r.<\/p><p>Armelex a\u00e7\u0131k ileti\u015fimi te\u015fvik eder, \u00e7al\u0131\u015fanlar\u0131 g\u00fcvenlik endi\u015felerini bildirmeye ve \u0130SG uygulamalar\u0131m\u0131z\u0131 geli\u015ftirmeye katk\u0131da bulunmaya te\u015fvik eder. Her ekip \u00fcyesinin g\u00fcvenli bir i\u015f yerinin s\u00fcrd\u00fcr\u00fclmesinde \u00f6nemli bir rol oynad\u0131\u011f\u0131 ortak sorumluluk k\u00fclt\u00fcr\u00fcn\u00fc te\u015fvik ediyoruz. S\u00fcrekli e\u011fitim ve \u00f6\u011fretim programlar\u0131 ile g\u00fcvenlik bilincini geli\u015ftirmeyi ve personelimizi sa\u011fl\u0131k ve refahlar\u0131 hakk\u0131nda bilin\u00e7li kararlar almalar\u0131 i\u00e7in g\u00fc\u00e7lendirmeyi ama\u00e7l\u0131yoruz.<\/p><p>\u0130\u015f sa\u011fl\u0131\u011f\u0131 ve g\u00fcvenli\u011fine olan ba\u011fl\u0131l\u0131\u011f\u0131m\u0131z uyumlulu\u011fun \u00f6tesine ge\u00e7mektedir. G\u00fcvenlik protokollerimizi geli\u015ftirmek, sekt\u00f6rdeki en iyi uygulamalar\u0131 hayata ge\u00e7irmek ve herkesin korundu\u011funu ve de\u011ferli oldu\u011funu hissetti\u011fi destekleyici bir \u00e7al\u0131\u015fma ortam\u0131 yaratmak i\u00e7in s\u00fcrekli \u00e7aba g\u00f6steriyoruz. Armelex'te \u00e7al\u0131\u015fanlar\u0131m\u0131z\u0131n g\u00fcvenli\u011fi sadece bir politika de\u011fil, \u015firketimizin de\u011ferlerinin ve misyonunun temel bir par\u00e7as\u0131d\u0131r.<\/p>\t\t\t\t\t\t\t\t<\/div>\n\t\t\t\t<\/div>\n\t\t\t\t<\/div>\n\t\t\t\t<\/div>\n\t\t\t\t\t<\/div>\n\t\t\t\t<\/div>\n\t\t\t\t<\/div>","protected":false},"excerpt":{"rendered":"<p>Home At Armelex, we place the highest importance on the health, safety, and well-being of our employees, partners, and everyone involved in our operations. We believe that a safe working environment is essential to achieving excellence in our products and services. Our Occupational Health and Safety (OHS) Policy is designed to create a culture of [&hellip;]<\/p>","protected":false},"author":1,"featured_media":0,"parent":0,"menu_order":0,"comment_status":"closed","ping_status":"closed","template":"","meta":{"_acf_changed":false,"footnotes":""},"class_list":["post-992","page","type-page","status-publish","hentry"],"acf":[],"_links":{"self":[{"href":"https:\/\/armelex.com\/tr\/wp-json\/wp\/v2\/pages\/992","targetHints":{"allow":["GET"]}}],"collection":[{"href":"https:\/\/armelex.com\/tr\/wp-json\/wp\/v2\/pages"}],"about":[{"href":"https:\/\/armelex.com\/tr\/wp-json\/wp\/v2\/types\/page"}],"author":[{"embeddable":true,"href":"https:\/\/armelex.com\/tr\/wp-json\/wp\/v2\/users\/1"}],"replies":[{"embeddable":true,"href":"https:\/\/armelex.com\/tr\/wp-json\/wp\/v2\/comments?post=992"}],"version-history":[{"count":0,"href":"https:\/\/armelex.com\/tr\/wp-json\/wp\/v2\/pages\/992\/revisions"}],"wp:attachment":[{"href":"https:\/\/armelex.com\/tr\/wp-json\/wp\/v2\/media?parent=992"}],"curies":[{"name":"wp","href":"https:\/\/api.w.org\/{rel}","templated":true}]}}