{"id":825,"date":"2024-11-08T22:52:55","date_gmt":"2024-11-08T22:52:55","guid":{"rendered":"https:\/\/www.demoscript.com.tr\/?page_id=825"},"modified":"2024-11-13T12:49:19","modified_gmt":"2024-11-13T12:49:19","slug":"about-us","status":"publish","type":"page","link":"https:\/\/armelex.com\/tr\/about-us\/","title":{"rendered":"Hakk\u0131m\u0131zda"},"content":{"rendered":"<div data-elementor-type=\"wp-page\" data-elementor-id=\"825\" class=\"elementor elementor-825\" data-elementor-post-type=\"page\">\n\t\t\t\t<div class=\"elementor-element elementor-element-22f70ef e-flex e-con-boxed e-con e-parent\" data-id=\"22f70ef\" data-element_type=\"container\" data-e-type=\"container\" data-settings=\"{&quot;background_background&quot;:&quot;classic&quot;}\">\n\t\t\t\t\t<div class=\"e-con-inner\">\n\t\t\t\t<div class=\"elementor-element elementor-element-7d2aca4d jet-breadcrumbs-align-center elementor-widget elementor-widget-jet-breadcrumbs\" data-id=\"7d2aca4d\" data-element_type=\"widget\" data-e-type=\"widget\" data-widget_type=\"jet-breadcrumbs.default\">\n\t\t\t\t<div class=\"elementor-widget-container\">\n\t\t\t\t\t<div class=\"elementor-jet-breadcrumbs jet-blocks\">\n\t\t<div class=\"jet-breadcrumbs\">\n\t\t<div class=\"jet-breadcrumbs__content\">\n\t\t<div class=\"jet-breadcrumbs__wrap\"><div class=\"jet-breadcrumbs__item\"><a href=\"https:\/\/armelex.com\/tr\/\" class=\"jet-breadcrumbs__item-link is-home\" rel=\"home\" title=\"Ev\">Ev<\/a><\/div>\n\t\t<\/div>\n\t\t<\/div>\n\t\t<\/div><\/div>\t\t\t\t<\/div>\n\t\t\t\t<\/div>\n\t\t\t\t\t<\/div>\n\t\t\t\t<\/div>\n\t\t<div class=\"elementor-element elementor-element-3a12a1ba e-flex e-con-boxed e-con e-parent\" data-id=\"3a12a1ba\" data-element_type=\"container\" data-e-type=\"container\">\n\t\t\t\t\t<div class=\"e-con-inner\">\n\t\t<div class=\"elementor-element elementor-element-59913523 e-con-full elementor-hidden-tablet elementor-hidden-mobile e-flex e-con e-child\" data-id=\"59913523\" data-element_type=\"container\" data-e-type=\"container\">\n\t\t\t\t<div class=\"elementor-element elementor-element-33c2f9d9 elementor-widget elementor-widget-shortcode\" data-id=\"33c2f9d9\" data-element_type=\"widget\" data-e-type=\"widget\" data-widget_type=\"shortcode.default\">\n\t\t\t\t<div class=\"elementor-widget-container\">\n\t\t\t\t\t\t\t<div class=\"elementor-shortcode\">\t\t<div data-elementor-type=\"container\" data-elementor-id=\"967\" class=\"elementor elementor-967\" data-elementor-post-type=\"elementor_library\">\n\t\t\t\t<div class=\"elementor-element elementor-element-2da49f89 e-con-full e-flex e-con e-child\" data-id=\"2da49f89\" data-element_type=\"container\" data-e-type=\"container\">\n\t\t\t\t<div data-premium-element-link=\"{&quot;type&quot;:&quot;url&quot;,&quot;link&quot;:{&quot;url&quot;:&quot;https:\\\/\\\/armelex.com\\\/tr&quot;,&quot;is_external&quot;:&quot;&quot;,&quot;nofollow&quot;:&quot;&quot;,&quot;custom_attributes&quot;:&quot;&quot;},&quot;href&quot;:&quot;https:\\\/\\\/armelex.com\\\/tr&quot;}\" style=\"cursor: pointer\" class=\"elementor-element elementor-element-3e65a4c6 elementor-position-inline-end premium-wrapper-link-yes elementor-view-default elementor-mobile-position-block-start elementor-widget elementor-widget-icon-box\" data-id=\"3e65a4c6\" data-element_type=\"widget\" data-e-type=\"widget\" data-widget_type=\"icon-box.default\">\n\t\t\t\t<div class=\"elementor-widget-container\">\n\t\t\t\t\t\t\t<div class=\"elementor-icon-box-wrapper\">\n\n\t\t\t\t\t\t<div class=\"elementor-icon-box-icon\">\n\t\t\t\t<a href=\"https:\/\/armelex.com\/tr\" class=\"elementor-icon\" tabindex=\"-1\" aria-label=\"ev\">\n\t\t\t\t<i aria-hidden=\"true\" class=\"icon icon-arrow-right\"><\/i>\t\t\t\t<\/a>\n\t\t\t<\/div>\n\t\t\t\n\t\t\t\t\t\t<div class=\"elementor-icon-box-content\">\n\n\t\t\t\t\t\t\t\t\t<div class=\"elementor-icon-box-title\">\n\t\t\t\t\t\t<a href=\"https:\/\/armelex.com\/tr\" >\n\t\t\t\t\t\t\tev\t\t\t\t\t\t<\/a>\n\t\t\t\t\t<\/div>\n\t\t\t\t\n\t\t\t\t\n\t\t\t<\/div>\n\t\t\t\n\t\t<\/div>\n\t\t\t\t\t\t<\/div>\n\t\t\t\t<\/div>\n\t\t\t\t<div data-premium-element-link=\"{&quot;type&quot;:&quot;url&quot;,&quot;link&quot;:{&quot;url&quot;:&quot;https:\\\/\\\/armelex.com\\\/about-us\\\/&quot;,&quot;is_external&quot;:&quot;&quot;,&quot;nofollow&quot;:&quot;&quot;,&quot;custom_attributes&quot;:&quot;&quot;},&quot;href&quot;:&quot;https:\\\/\\\/armelex.com\\\/about-us\\\/&quot;}\" style=\"cursor: pointer\" class=\"elementor-element elementor-element-4f11c3c elementor-position-inline-end premium-wrapper-link-yes elementor-view-default elementor-mobile-position-block-start elementor-widget elementor-widget-icon-box\" data-id=\"4f11c3c\" data-element_type=\"widget\" data-e-type=\"widget\" data-widget_type=\"icon-box.default\">\n\t\t\t\t<div class=\"elementor-widget-container\">\n\t\t\t\t\t\t\t<div class=\"elementor-icon-box-wrapper\">\n\n\t\t\t\t\t\t<div class=\"elementor-icon-box-icon\">\n\t\t\t\t<a href=\"https:\/\/armelex.com\/about-us\/\" class=\"elementor-icon\" tabindex=\"-1\" aria-label=\"hakkimizda\">\n\t\t\t\t<i aria-hidden=\"true\" class=\"icon icon-arrow-right\"><\/i>\t\t\t\t<\/a>\n\t\t\t<\/div>\n\t\t\t\n\t\t\t\t\t\t<div class=\"elementor-icon-box-content\">\n\n\t\t\t\t\t\t\t\t\t<div class=\"elementor-icon-box-title\">\n\t\t\t\t\t\t<a href=\"https:\/\/armelex.com\/about-us\/\" >\n\t\t\t\t\t\t\thakkimizda\t\t\t\t\t\t<\/a>\n\t\t\t\t\t<\/div>\n\t\t\t\t\n\t\t\t\t\n\t\t\t<\/div>\n\t\t\t\n\t\t<\/div>\n\t\t\t\t\t\t<\/div>\n\t\t\t\t<\/div>\n\t\t\t\t<div data-premium-element-link=\"{&quot;type&quot;:&quot;url&quot;,&quot;link&quot;:{&quot;url&quot;:&quot;https:\\\/\\\/armelex.com\\\/contact-us\\\/&quot;,&quot;is_external&quot;:&quot;&quot;,&quot;nofollow&quot;:&quot;&quot;,&quot;custom_attributes&quot;:&quot;&quot;},&quot;href&quot;:&quot;https:\\\/\\\/armelex.com\\\/contact-us\\\/&quot;}\" style=\"cursor: pointer\" class=\"elementor-element elementor-element-34e938a3 elementor-position-inline-end premium-wrapper-link-yes elementor-view-default elementor-mobile-position-block-start elementor-widget elementor-widget-icon-box\" data-id=\"34e938a3\" data-element_type=\"widget\" data-e-type=\"widget\" data-widget_type=\"icon-box.default\">\n\t\t\t\t<div class=\"elementor-widget-container\">\n\t\t\t\t\t\t\t<div class=\"elementor-icon-box-wrapper\">\n\n\t\t\t\t\t\t<div class=\"elementor-icon-box-icon\">\n\t\t\t\t<a href=\"https:\/\/armelex.com\/contact-us\/\" class=\"elementor-icon\" tabindex=\"-1\" aria-label=\"Bize ula\u015f\u0131n\">\n\t\t\t\t<i aria-hidden=\"true\" class=\"icon icon-arrow-right\"><\/i>\t\t\t\t<\/a>\n\t\t\t<\/div>\n\t\t\t\n\t\t\t\t\t\t<div class=\"elementor-icon-box-content\">\n\n\t\t\t\t\t\t\t\t\t<div class=\"elementor-icon-box-title\">\n\t\t\t\t\t\t<a href=\"https:\/\/armelex.com\/contact-us\/\" >\n\t\t\t\t\t\t\tBize ula\u015f\u0131n\t\t\t\t\t\t<\/a>\n\t\t\t\t\t<\/div>\n\t\t\t\t\n\t\t\t\t\n\t\t\t<\/div>\n\t\t\t\n\t\t<\/div>\n\t\t\t\t\t\t<\/div>\n\t\t\t\t<\/div>\n\t\t\t\t<div data-premium-element-link=\"{&quot;type&quot;:&quot;url&quot;,&quot;link&quot;:{&quot;url&quot;:&quot;https:\\\/\\\/armelex.com\\\/category\\\/our-products\\\/&quot;,&quot;is_external&quot;:&quot;&quot;,&quot;nofollow&quot;:&quot;&quot;,&quot;custom_attributes&quot;:&quot;&quot;},&quot;href&quot;:&quot;https:\\\/\\\/armelex.com\\\/category\\\/our-products\\\/&quot;}\" style=\"cursor: pointer\" class=\"elementor-element elementor-element-51fda593 elementor-position-inline-end premium-wrapper-link-yes elementor-view-default elementor-mobile-position-block-start elementor-widget elementor-widget-icon-box\" data-id=\"51fda593\" data-element_type=\"widget\" data-e-type=\"widget\" data-widget_type=\"icon-box.default\">\n\t\t\t\t<div class=\"elementor-widget-container\">\n\t\t\t\t\t\t\t<div class=\"elementor-icon-box-wrapper\">\n\n\t\t\t\t\t\t<div class=\"elementor-icon-box-icon\">\n\t\t\t\t<a href=\"https:\/\/armelex.com\/category\/our-products\/\" class=\"elementor-icon\" tabindex=\"-1\" aria-label=\"\u00dcr\u00fcnlerimiz\">\n\t\t\t\t<i aria-hidden=\"true\" class=\"icon icon-arrow-right\"><\/i>\t\t\t\t<\/a>\n\t\t\t<\/div>\n\t\t\t\n\t\t\t\t\t\t<div class=\"elementor-icon-box-content\">\n\n\t\t\t\t\t\t\t\t\t<div class=\"elementor-icon-box-title\">\n\t\t\t\t\t\t<a href=\"https:\/\/armelex.com\/category\/our-products\/\" >\n\t\t\t\t\t\t\t\u00dcr\u00fcnlerimiz\t\t\t\t\t\t<\/a>\n\t\t\t\t\t<\/div>\n\t\t\t\t\n\t\t\t\t\n\t\t\t<\/div>\n\t\t\t\n\t\t<\/div>\n\t\t\t\t\t\t<\/div>\n\t\t\t\t<\/div>\n\t\t\t\t<div class=\"elementor-element elementor-element-f11d1c1 elementor-position-inline-end elementor-view-default elementor-mobile-position-block-start elementor-widget elementor-widget-icon-box\" data-id=\"f11d1c1\" data-element_type=\"widget\" data-e-type=\"widget\" data-widget_type=\"icon-box.default\">\n\t\t\t\t<div class=\"elementor-widget-container\">\n\t\t\t\t\t\t\t<div class=\"elementor-icon-box-wrapper\">\n\n\t\t\t\t\t\t<div class=\"elementor-icon-box-icon\">\n\t\t\t\t<a href=\"#elementor-action%3Aaction%3Dpopup%3Aopen%26settings%3DeyJpZCI6IjEwMzEiLCJ0b2dnbGUiOmZhbHNlfQ%3D%3D\" class=\"elementor-icon\" tabindex=\"-1\" aria-label=\"e-katalog\">\n\t\t\t\t<i aria-hidden=\"true\" class=\"icon icon-arrow-right\"><\/i>\t\t\t\t<\/a>\n\t\t\t<\/div>\n\t\t\t\n\t\t\t\t\t\t<div class=\"elementor-icon-box-content\">\n\n\t\t\t\t\t\t\t\t\t<div class=\"elementor-icon-box-title\">\n\t\t\t\t\t\t<a href=\"#elementor-action%3Aaction%3Dpopup%3Aopen%26settings%3DeyJpZCI6IjEwMzEiLCJ0b2dnbGUiOmZhbHNlfQ%3D%3D\" >\n\t\t\t\t\t\t\te-katalog\t\t\t\t\t\t<\/a>\n\t\t\t\t\t<\/div>\n\t\t\t\t\n\t\t\t\t\n\t\t\t<\/div>\n\t\t\t\n\t\t<\/div>\n\t\t\t\t\t\t<\/div>\n\t\t\t\t<\/div>\n\t\t\t\t<div class=\"elementor-element elementor-element-2061de2 elementor-position-inline-end elementor-view-default elementor-mobile-position-block-start elementor-widget elementor-widget-icon-box\" data-id=\"2061de2\" data-element_type=\"widget\" data-e-type=\"widget\" data-widget_type=\"icon-box.default\">\n\t\t\t\t<div class=\"elementor-widget-container\">\n\t\t\t\t\t\t\t<div class=\"elementor-icon-box-wrapper\">\n\n\t\t\t\t\t\t<div class=\"elementor-icon-box-icon\">\n\t\t\t\t<a href=\"#elementor-action%3Aaction%3Dpopup%3Aopen%26settings%3DeyJpZCI6IjEwNDAiLCJ0b2dnbGUiOmZhbHNlfQ%3D%3D\" class=\"elementor-icon\" tabindex=\"-1\" aria-label=\"haberler \/ blog\">\n\t\t\t\t<i aria-hidden=\"true\" class=\"icon icon-arrow-right\"><\/i>\t\t\t\t<\/a>\n\t\t\t<\/div>\n\t\t\t\n\t\t\t\t\t\t<div class=\"elementor-icon-box-content\">\n\n\t\t\t\t\t\t\t\t\t<div class=\"elementor-icon-box-title\">\n\t\t\t\t\t\t<a href=\"#elementor-action%3Aaction%3Dpopup%3Aopen%26settings%3DeyJpZCI6IjEwNDAiLCJ0b2dnbGUiOmZhbHNlfQ%3D%3D\" >\n\t\t\t\t\t\t\thaberler \/ blog\t\t\t\t\t\t<\/a>\n\t\t\t\t\t<\/div>\n\t\t\t\t\n\t\t\t\t\n\t\t\t<\/div>\n\t\t\t\n\t\t<\/div>\n\t\t\t\t\t\t<\/div>\n\t\t\t\t<\/div>\n\t\t\t\t<div class=\"elementor-element elementor-element-42bf4886 premium-mobile-icon-box-center premium-icon-box-center elementor-widget elementor-widget-premium-addon-icon-box\" data-id=\"42bf4886\" data-element_type=\"widget\" data-e-type=\"widget\" data-widget_type=\"premium-addon-icon-box.default\">\n\t\t\t\t<div class=\"elementor-widget-container\">\n\t\t\t\t\t\n\t\t\t\t<div class=\"premium-icon-box-container-in premium-icon-box-flex-top premium-icon-box-flex-ver-top\" >\n\t\t\t<div class=\"premium-icon-box-icon-container\">\n\n\t\t\t\t<div class=\"premium-icon-wrapper\">\n\t\t\t\t\t<i class=\"premium-icon-box-icon none icon icon-check-circle\" aria-hidden=\"true\"><\/i>\n\t\t\t\t\t\t\t\t\t\t<\/div>\n\t\t\t\t<\/div>\n\n\t\t\t<div class=\"premium-icon-box-content-wrap premium-icon-box-cta-\">\n\n\t\t\t\t\t\t\t\t\t<div class=\"premium-icon-box-text-wrap\">\n\t\t\t\t\t\n\t\t\t\t\t\t\t<h3 class=\"premium-icon-box-title\">\u00c7evre Dostu Malzemeler\t\t\t\t\t\t\t\t\t\t\t\t\t\t<\/h3>\n\t\t\t\t\t\n\t\t\t\t\t\t\t\t\t\t\t<div class=\"premium-icon-box-content\">\n\t\t\t\t\t\t\t<p>\u00dcr\u00fcnlerimiz, \u00e7evresel etkiyi azaltmaya yard\u0131mc\u0131 olmak i\u00e7in s\u00fcrd\u00fcr\u00fclebilir, \u00e7evre dostu malzemelerden \u00fcretilmi\u015ftir.<\/p>\t\t\t\t\t\t<\/div>\n\t\t\t\t\t\t\t\t\t\t<\/div>\n\t\t\t\t\n\t\t\t\t\t\t\t<\/div>\n\t\t<\/div>\n\n\t\t\t\t\t\t\t\t\t\t\t\t<\/div>\n\t\t\t\t<\/div>\n\t\t\t\t<div class=\"elementor-element elementor-element-34c1f10a premium-mobile-icon-box-center premium-icon-box-center elementor-widget elementor-widget-premium-addon-icon-box\" data-id=\"34c1f10a\" data-element_type=\"widget\" data-e-type=\"widget\" data-widget_type=\"premium-addon-icon-box.default\">\n\t\t\t\t<div class=\"elementor-widget-container\">\n\t\t\t\t\t\n\t\t\t\t<div class=\"premium-icon-box-container-in premium-icon-box-flex-top premium-icon-box-flex-ver-top\" >\n\t\t\t<div class=\"premium-icon-box-icon-container\">\n\n\t\t\t\t<div class=\"premium-icon-wrapper\">\n\t\t\t\t\t<i class=\"premium-icon-box-icon none icon icon-check-circle\" aria-hidden=\"true\"><\/i>\n\t\t\t\t\t\t\t\t\t\t<\/div>\n\t\t\t\t<\/div>\n\n\t\t\t<div class=\"premium-icon-box-content-wrap premium-icon-box-cta-\">\n\n\t\t\t\t\t\t\t\t\t<div class=\"premium-icon-box-text-wrap\">\n\t\t\t\t\t\n\t\t\t\t\t\t\t<h3 class=\"premium-icon-box-title\">\u00d6zelle\u015ftirilebilir Tasar\u0131mlar\t\t\t\t\t\t\t\t\t\t\t\t\t\t<\/h3>\n\t\t\t\t\t\n\t\t\t\t\t\t\t\t\t\t\t<div class=\"premium-icon-box-content\">\n\t\t\t\t\t\t\t<p>Markan\u0131za uygun logo bask\u0131s\u0131 ve boyut ayarlamalar\u0131 dahil olmak \u00fczere tamamen \u00f6zelle\u015ftirilebilir ambalaj se\u00e7enekleri.<\/p>\t\t\t\t\t\t<\/div>\n\t\t\t\t\t\t\t\t\t\t<\/div>\n\t\t\t\t\n\t\t\t\t\t\t\t<\/div>\n\t\t<\/div>\n\n\t\t\t\t\t\t\t\t\t\t\t\t<\/div>\n\t\t\t\t<\/div>\n\t\t\t\t<div class=\"elementor-element elementor-element-12453329 premium-mobile-icon-box-center premium-icon-box-center elementor-widget elementor-widget-premium-addon-icon-box\" data-id=\"12453329\" data-element_type=\"widget\" data-e-type=\"widget\" data-widget_type=\"premium-addon-icon-box.default\">\n\t\t\t\t<div class=\"elementor-widget-container\">\n\t\t\t\t\t\n\t\t\t\t<div class=\"premium-icon-box-container-in premium-icon-box-flex-top premium-icon-box-flex-ver-top\" >\n\t\t\t<div class=\"premium-icon-box-icon-container\">\n\n\t\t\t\t<div class=\"premium-icon-wrapper\">\n\t\t\t\t\t<i class=\"premium-icon-box-icon none icon icon-check-circle\" aria-hidden=\"true\"><\/i>\n\t\t\t\t\t\t\t\t\t\t<\/div>\n\t\t\t\t<\/div>\n\n\t\t\t<div class=\"premium-icon-box-content-wrap premium-icon-box-cta-\">\n\n\t\t\t\t\t\t\t\t\t<div class=\"premium-icon-box-text-wrap\">\n\t\t\t\t\t\n\t\t\t\t\t\t\t<h3 class=\"premium-icon-box-title\">Dayan\u0131kl\u0131 ve G\u00fcvenilir\t\t\t\t\t\t\t\t\t\t\t\t\t\t<\/h3>\n\t\t\t\t\t\n\t\t\t\t\t\t\t\t\t\t\t<div class=\"premium-icon-box-content\">\n\t\t\t\t\t\t\t<p>Y\u00fcksek kaliteli malzemeler, ambalajlar\u0131m\u0131z\u0131n \u00e7e\u015fitli g\u0131da t\u00fcrleri i\u00e7in dayan\u0131kl\u0131 ve g\u00fcvenli olmas\u0131n\u0131 sa\u011flar.<\/p>\t\t\t\t\t\t<\/div>\n\t\t\t\t\t\t\t\t\t\t<\/div>\n\t\t\t\t\n\t\t\t\t\t\t\t<\/div>\n\t\t<\/div>\n\n\t\t\t\t\t\t\t\t\t\t\t\t<\/div>\n\t\t\t\t<\/div>\n\t\t\t\t<div class=\"elementor-element elementor-element-5c36ce28 premium-mobile-icon-box-center premium-icon-box-center elementor-widget elementor-widget-premium-addon-icon-box\" data-id=\"5c36ce28\" data-element_type=\"widget\" data-e-type=\"widget\" data-widget_type=\"premium-addon-icon-box.default\">\n\t\t\t\t<div class=\"elementor-widget-container\">\n\t\t\t\t\t\n\t\t\t\t<div class=\"premium-icon-box-container-in premium-icon-box-flex-top premium-icon-box-flex-ver-top\" >\n\t\t\t<div class=\"premium-icon-box-icon-container\">\n\n\t\t\t\t<div class=\"premium-icon-wrapper\">\n\t\t\t\t\t<i class=\"premium-icon-box-icon none icon icon-check-circle\" aria-hidden=\"true\"><\/i>\n\t\t\t\t\t\t\t\t\t\t<\/div>\n\t\t\t\t<\/div>\n\n\t\t\t<div class=\"premium-icon-box-content-wrap premium-icon-box-cta-\">\n\n\t\t\t\t\t\t\t\t\t<div class=\"premium-icon-box-text-wrap\">\n\t\t\t\t\t\n\t\t\t\t\t\t\t<h3 class=\"premium-icon-box-title\">Uluslararas\u0131 \u0130hracat\t\t\t\t\t\t\t\t\t\t\t\t\t\t<\/h3>\n\t\t\t\t\t\n\t\t\t\t\t\t\t\t\t\t\t<div class=\"premium-icon-box-content\">\n\t\t\t\t\t\t\t<p>D\u00fcnya \u00e7ap\u0131nda g\u00fcvenilen, bir\u00e7ok k\u0131taya en uygun fiyatlarla ambalaj \u00e7\u00f6z\u00fcmleri sunuyoruz.<\/p>\t\t\t\t\t\t<\/div>\n\t\t\t\t\t\t\t\t\t\t<\/div>\n\t\t\t\t\n\t\t\t\t\t\t\t<\/div>\n\t\t<\/div>\n\n\t\t\t\t\t\t\t\t\t\t\t\t<\/div>\n\t\t\t\t<\/div>\n\t\t\t\t<\/div>\n\t\t\t\t<\/div>\n\t\t<\/div>\n\t\t\t\t\t\t<\/div>\n\t\t\t\t<\/div>\n\t\t\t\t<\/div>\n\t\t<div class=\"elementor-element elementor-element-5ce0947c e-con-full e-flex e-con e-child\" data-id=\"5ce0947c\" data-element_type=\"container\" data-e-type=\"container\">\n\t\t<div class=\"elementor-element elementor-element-337b4e7 e-con-full e-flex e-con e-child\" data-id=\"337b4e7\" data-element_type=\"container\" data-e-type=\"container\">\n\t\t\t\t<div class=\"elementor-element elementor-element-7c254a5d elementor-widget elementor-widget-image\" data-id=\"7c254a5d\" data-element_type=\"widget\" data-e-type=\"widget\" data-widget_type=\"image.default\">\n\t\t\t\t<div class=\"elementor-widget-container\">\n\t\t\t\t\t\t\t\t\t\t\t\t\t\t\t<img fetchpriority=\"high\" decoding=\"async\" width=\"1600\" height=\"1067\" src=\"https:\/\/armelex.com\/wp-content\/uploads\/2024\/11\/about-us.jpg\" class=\"attachment-full size-full wp-image-508\" alt=\"\" srcset=\"https:\/\/armelex.com\/wp-content\/uploads\/2024\/11\/about-us.jpg 1600w, https:\/\/armelex.com\/wp-content\/uploads\/2024\/11\/about-us-300x200.jpg 300w, https:\/\/armelex.com\/wp-content\/uploads\/2024\/11\/about-us-1024x683.jpg 1024w, https:\/\/armelex.com\/wp-content\/uploads\/2024\/11\/about-us-768x512.jpg 768w, https:\/\/armelex.com\/wp-content\/uploads\/2024\/11\/about-us-1536x1024.jpg 1536w, https:\/\/armelex.com\/wp-content\/uploads\/2024\/11\/about-us-18x12.jpg 18w\" sizes=\"(max-width: 1600px) 100vw, 1600px\" \/>\t\t\t\t\t\t\t\t\t\t\t\t\t\t\t<\/div>\n\t\t\t\t<\/div>\n\t\t\t\t<div class=\"elementor-element elementor-element-497bd5c1 elementor-widget elementor-widget-text-editor\" data-id=\"497bd5c1\" data-element_type=\"widget\" data-e-type=\"widget\" data-widget_type=\"text-editor.default\">\n\t\t\t\t<div class=\"elementor-widget-container\">\n\t\t\t\t\t\t\t\t\t<p>Armelex, g\u0131da end\u00fcstrisi i\u00e7in y\u00fcksek kaliteli, tek kullan\u0131ml\u0131k ka\u011f\u0131t ambalaj \u00e7\u00f6z\u00fcmlerinin \u00fcretimi ve ihracat\u0131 konusunda uzmanla\u015fm\u0131\u015f dinamik ve ileri g\u00f6r\u00fc\u015fl\u00fc bir \u015firkettir. Merkezi \u0130stanbul, T\u00fcrkiye'de bulunan \u015firketimiz, d\u00fcnya \u00e7ap\u0131ndaki i\u015fletmelere en y\u00fcksek end\u00fcstri standartlar\u0131n\u0131 kar\u015f\u0131layan s\u00fcrd\u00fcr\u00fclebilir, dayan\u0131kl\u0131 ve estetik a\u00e7\u0131dan ho\u015f ambalaj se\u00e7enekleri sunma konusunda y\u0131llar\u0131n deneyimine sahiptir.<\/p><p>Armelex olarak, g\u0131da ambalaj\u0131nda hem i\u015flevselli\u011fin hem de markala\u015fman\u0131n \u00f6nemini anl\u0131yoruz. Bu nedenle pizza kutular\u0131, burger kutular\u0131, ka\u011f\u0131t torbalar, al\u00fcminyum kaplar, ka\u011f\u0131t pipetler ve \u00e7evre dostu ah\u015fap \u00e7atal b\u0131\u00e7ak tak\u0131mlar\u0131 dahil olmak \u00fczere kapsaml\u0131 bir \u00f6zelle\u015ftirilebilir \u00fcr\u00fcn yelpazesi sunuyoruz. Her \u00fcr\u00fcn, maksimum dayan\u0131kl\u0131l\u0131k, g\u00fcvenlik ve g\u00f6rsel \u00e7ekicilik sa\u011flamak i\u00e7in titizlikle \u00fcretilmi\u015ftir. \u0130ster paket servis hizmetleri, ister perakende g\u0131da \u00fcr\u00fcnleri veya \u00f6zel etkinlikler i\u00e7in ambalaja ihtiyac\u0131n\u0131z olsun, benzersiz ihtiya\u00e7lar\u0131n\u0131za g\u00f6re uyarlanm\u0131\u015f \u00e7\u00f6z\u00fcmlerimiz var.<\/p><p>S\u00fcrd\u00fcr\u00fclebilirlik konusundaki kararl\u0131l\u0131\u011f\u0131m\u0131z bizi \u00fcretimimizin her alan\u0131nda \u00e7evre dostu malzemeler kullanmaya y\u00f6nlendiriyor. Geri d\u00f6n\u00fc\u015ft\u00fcr\u00fclebilir ve biyolojik olarak par\u00e7alanabilir malzemelerin kullan\u0131m\u0131na \u00f6ncelik veriyor, ambalajlar\u0131m\u0131z\u0131n karbon ayak izini azalt\u0131yor ve m\u00fc\u015fterilerimizi daha \u00e7evreci uygulamalar\u0131 benimseme \u00e7abalar\u0131nda destekliyoruz. Yenilik\u00e7i tasar\u0131m se\u00e7eneklerimizle, i\u015fletmeler daha sa\u011fl\u0131kl\u0131 bir gezegene katk\u0131da bulunurken marka kimliklerini geli\u015ftirebilirler.<\/p><p>Standart \u00fcr\u00fcn tekliflerimize ek olarak, Armelex ki\u015fiselle\u015ftirilmi\u015f ambalaj \u00e7\u00f6z\u00fcmleri sunarak \u00f6ne \u00e7\u0131kmaktad\u0131r. M\u00fc\u015fterilerimiz \u00e7e\u015fitli boyutlar, \u015fekiller ve tasar\u0131mlar aras\u0131ndan se\u00e7im yapabilir ve hatta kendi logolar\u0131n\u0131 veya marka unsurlar\u0131n\u0131 dahil edebilirler. Tasar\u0131mdan teslimata kadar sorunsuz ve verimli bir s\u00fcre\u00e7 sunarak vizyonlar\u0131n\u0131n hayata ge\u00e7irilmesini sa\u011flamak i\u00e7in her m\u00fc\u015fteriyle yak\u0131n bir \u015fekilde \u00e7al\u0131\u015f\u0131yoruz.<\/p><p>Kalite kontrol, m\u00fc\u015fteri hizmetleri ve uluslararas\u0131 da\u011f\u0131t\u0131ma g\u00fc\u00e7l\u00fc bir \u015fekilde odaklanan Armelex, k\u00fcresel ambalaj pazar\u0131nda g\u00fcvenilir bir ortak olarak kendini h\u0131zla kan\u0131tlam\u0131\u015ft\u0131r. Kendini i\u015fine adam\u0131\u015f uzman ekibimiz, s\u00fcrecin her ad\u0131m\u0131nda size rehberlik etmek ve her seferinde en y\u00fcksek kalitede \u00fcr\u00fcn ve hizmet alman\u0131z\u0131 sa\u011flamak i\u00e7in buradad\u0131r.<\/p><p>Armelex'te, harika ambalaj\u0131n bir kaptan daha fazlas\u0131 oldu\u011funa inan\u0131yoruz - markan\u0131z\u0131n kalite, s\u00fcrd\u00fcr\u00fclebilirlik ve yenili\u011fe olan ba\u011fl\u0131l\u0131\u011f\u0131n\u0131n bir ifadesidir. Her seferinde bir paket olmak \u00fczere bu ifadeyi yaratman\u0131za yard\u0131mc\u0131 olmak i\u00e7in buraday\u0131z.<\/p>\t\t\t\t\t\t\t\t<\/div>\n\t\t\t\t<\/div>\n\t\t\t\t<div class=\"elementor-element elementor-element-4e6091eb elementor-widget elementor-widget-heading\" data-id=\"4e6091eb\" data-element_type=\"widget\" data-e-type=\"widget\" data-widget_type=\"heading.default\">\n\t\t\t\t<div class=\"elementor-widget-container\">\n\t\t\t\t\t<h2 class=\"elementor-heading-title elementor-size-default\">Vizyonumuz<\/h2>\t\t\t\t<\/div>\n\t\t\t\t<\/div>\n\t\t\t\t<div class=\"elementor-element elementor-element-7d48071 elementor-widget elementor-widget-text-editor\" data-id=\"7d48071\" data-element_type=\"widget\" data-e-type=\"widget\" data-widget_type=\"text-editor.default\">\n\t\t\t\t<div class=\"elementor-widget-container\">\n\t\t\t\t\t\t\t\t\t<p>Armelex'teki vizyonumuz, \u00e7evre dostu ve yenilik\u00e7i g\u0131da ambalaj\u0131 \u00e7\u00f6z\u00fcmleri i\u00e7in standartlar\u0131 belirleyerek s\u00fcrd\u00fcr\u00fclebilir ambalaj end\u00fcstrisinde k\u00fcresel bir lider olmakt\u0131r. M\u00fc\u015fterilerimizin ve gezegenimizin de\u011fi\u015fen ihtiya\u00e7lar\u0131na g\u00f6re s\u00fcrekli geli\u015ferek ve uyum sa\u011flayarak \u00e7evreye duyarl\u0131 i\u015f uygulamalar\u0131nda yeni bir \u00e7a\u011fa ilham vermeyi hedefliyoruz.<\/p>\t\t\t\t\t\t\t\t<\/div>\n\t\t\t\t<\/div>\n\t\t\t\t<div class=\"elementor-element elementor-element-50a06cb7 elementor-widget elementor-widget-heading\" data-id=\"50a06cb7\" data-element_type=\"widget\" data-e-type=\"widget\" data-widget_type=\"heading.default\">\n\t\t\t\t<div class=\"elementor-widget-container\">\n\t\t\t\t\t<h2 class=\"elementor-heading-title elementor-size-default\">Misyonumuz<\/h2>\t\t\t\t<\/div>\n\t\t\t\t<\/div>\n\t\t\t\t<div class=\"elementor-element elementor-element-19898a94 elementor-widget elementor-widget-text-editor\" data-id=\"19898a94\" data-element_type=\"widget\" data-e-type=\"widget\" data-widget_type=\"text-editor.default\">\n\t\t\t\t<div class=\"elementor-widget-container\">\n\t\t\t\t\t\t\t\t\t<p>Misyonumuz, s\u00fcrd\u00fcr\u00fclebilirli\u011fi ve \u00e7evresel sorumlulu\u011fu te\u015fvik ederken d\u00fcnya \u00e7ap\u0131ndaki i\u015fletmelerin \u00e7e\u015fitli ihtiya\u00e7lar\u0131n\u0131 kar\u015f\u0131layan y\u00fcksek kaliteli, \u00f6zelle\u015ftirilebilir ambalaj \u00e7\u00f6z\u00fcmleri sunmakt\u0131r. Yenilik\u00e7i tasar\u0131m, g\u00fcvenilir hizmet ve m\u00fc\u015fteri memnuniyetine olan g\u00fc\u00e7l\u00fc ba\u011fl\u0131l\u0131\u011f\u0131m\u0131zla ola\u011fan\u00fcst\u00fc de\u011fer sunmaya \u00e7al\u0131\u015f\u0131yoruz.<\/p>\t\t\t\t\t\t\t\t<\/div>\n\t\t\t\t<\/div>\n\t\t\t\t<\/div>\n\t\t\t\t<\/div>\n\t\t\t\t\t<\/div>\n\t\t\t\t<\/div>\n\t\t\t\t<\/div>","protected":false},"excerpt":{"rendered":"<p>Home Armelex is a dynamic and forward-thinking company specializing in the production and export of high-quality, single-use paper packaging solutions for the food industry. Headquartered in Istanbul, Turkey, we bring years of experience in providing businesses worldwide with sustainable, durable, and aesthetically pleasing packaging options that meet the highest industry standards. At Armelex, we understand [&hellip;]<\/p>","protected":false},"author":1,"featured_media":0,"parent":0,"menu_order":0,"comment_status":"closed","ping_status":"closed","template":"","meta":{"_acf_changed":false,"footnotes":""},"class_list":["post-825","page","type-page","status-publish","hentry"],"acf":[],"_links":{"self":[{"href":"https:\/\/armelex.com\/tr\/wp-json\/wp\/v2\/pages\/825","targetHints":{"allow":["GET"]}}],"collection":[{"href":"https:\/\/armelex.com\/tr\/wp-json\/wp\/v2\/pages"}],"about":[{"href":"https:\/\/armelex.com\/tr\/wp-json\/wp\/v2\/types\/page"}],"author":[{"embeddable":true,"href":"https:\/\/armelex.com\/tr\/wp-json\/wp\/v2\/users\/1"}],"replies":[{"embeddable":true,"href":"https:\/\/armelex.com\/tr\/wp-json\/wp\/v2\/comments?post=825"}],"version-history":[{"count":0,"href":"https:\/\/armelex.com\/tr\/wp-json\/wp\/v2\/pages\/825\/revisions"}],"wp:attachment":[{"href":"https:\/\/armelex.com\/tr\/wp-json\/wp\/v2\/media?parent=825"}],"curies":[{"name":"wp","href":"https:\/\/api.w.org\/{rel}","templated":true}]}}