{"id":992,"date":"2024-11-10T22:11:22","date_gmt":"2024-11-10T22:11:22","guid":{"rendered":"https:\/\/armelex.com\/?page_id=992"},"modified":"2024-11-10T22:12:26","modified_gmt":"2024-11-10T22:12:26","slug":"ohs-policy","status":"publish","type":"page","link":"https:\/\/armelex.com\/de\/ohs-policy\/","title":{"rendered":"OHS-Politik"},"content":{"rendered":"<div data-elementor-type=\"wp-page\" data-elementor-id=\"992\" class=\"elementor elementor-992\" data-elementor-post-type=\"page\">\n\t\t\t\t<div class=\"elementor-element elementor-element-3aa55a4b e-flex e-con-boxed e-con e-parent\" data-id=\"3aa55a4b\" data-element_type=\"container\" data-e-type=\"container\" data-settings=\"{&quot;background_background&quot;:&quot;classic&quot;}\">\n\t\t\t\t\t<div class=\"e-con-inner\">\n\t\t\t\t<div class=\"elementor-element elementor-element-541a5315 jet-breadcrumbs-align-center elementor-widget elementor-widget-jet-breadcrumbs\" data-id=\"541a5315\" data-element_type=\"widget\" data-e-type=\"widget\" data-widget_type=\"jet-breadcrumbs.default\">\n\t\t\t\t<div class=\"elementor-widget-container\">\n\t\t\t\t\t<div class=\"elementor-jet-breadcrumbs jet-blocks\">\n\t\t<div class=\"jet-breadcrumbs\">\n\t\t<div class=\"jet-breadcrumbs__content\">\n\t\t<div class=\"jet-breadcrumbs__wrap\"><div class=\"jet-breadcrumbs__item\"><a href=\"https:\/\/armelex.com\/de\/\" class=\"jet-breadcrumbs__item-link is-home\" rel=\"home\" title=\"Startseite\">Startseite<\/a><\/div>\n\t\t<\/div>\n\t\t<\/div>\n\t\t<\/div><\/div>\t\t\t\t<\/div>\n\t\t\t\t<\/div>\n\t\t\t\t\t<\/div>\n\t\t\t\t<\/div>\n\t\t<div class=\"elementor-element elementor-element-21c60a3d e-flex e-con-boxed e-con e-parent\" data-id=\"21c60a3d\" data-element_type=\"container\" data-e-type=\"container\">\n\t\t\t\t\t<div class=\"e-con-inner\">\n\t\t<div class=\"elementor-element elementor-element-a7a997e e-con-full elementor-hidden-tablet elementor-hidden-mobile e-flex e-con e-child\" data-id=\"a7a997e\" data-element_type=\"container\" data-e-type=\"container\">\n\t\t\t\t<div class=\"elementor-element elementor-element-7fe7356c elementor-widget elementor-widget-shortcode\" data-id=\"7fe7356c\" data-element_type=\"widget\" data-e-type=\"widget\" data-widget_type=\"shortcode.default\">\n\t\t\t\t<div class=\"elementor-widget-container\">\n\t\t\t\t\t\t\t<div class=\"elementor-shortcode\">\t\t<div data-elementor-type=\"container\" data-elementor-id=\"967\" class=\"elementor elementor-967\" data-elementor-post-type=\"elementor_library\">\n\t\t\t\t<div class=\"elementor-element elementor-element-2da49f89 e-con-full e-flex e-con e-child\" data-id=\"2da49f89\" data-element_type=\"container\" data-e-type=\"container\">\n\t\t\t\t<div data-premium-element-link=\"{&quot;type&quot;:&quot;url&quot;,&quot;link&quot;:{&quot;url&quot;:&quot;https:\\\/\\\/armelex.com\\\/de&quot;,&quot;is_external&quot;:&quot;&quot;,&quot;nofollow&quot;:&quot;&quot;,&quot;custom_attributes&quot;:&quot;&quot;},&quot;href&quot;:&quot;https:\\\/\\\/armelex.com\\\/de&quot;}\" style=\"cursor: pointer\" class=\"elementor-element elementor-element-3e65a4c6 elementor-position-inline-end premium-wrapper-link-yes elementor-view-default elementor-mobile-position-block-start elementor-widget elementor-widget-icon-box\" data-id=\"3e65a4c6\" data-element_type=\"widget\" data-e-type=\"widget\" data-widget_type=\"icon-box.default\">\n\t\t\t\t<div class=\"elementor-widget-container\">\n\t\t\t\t\t\t\t<div class=\"elementor-icon-box-wrapper\">\n\n\t\t\t\t\t\t<div class=\"elementor-icon-box-icon\">\n\t\t\t\t<a href=\"https:\/\/armelex.com\/de\" class=\"elementor-icon\" tabindex=\"-1\" aria-label=\"Startseite\">\n\t\t\t\t<i aria-hidden=\"true\" class=\"icon icon-arrow-right\"><\/i>\t\t\t\t<\/a>\n\t\t\t<\/div>\n\t\t\t\n\t\t\t\t\t\t<div class=\"elementor-icon-box-content\">\n\n\t\t\t\t\t\t\t\t\t<div class=\"elementor-icon-box-title\">\n\t\t\t\t\t\t<a href=\"https:\/\/armelex.com\/de\" >\n\t\t\t\t\t\t\tStartseite\t\t\t\t\t\t<\/a>\n\t\t\t\t\t<\/div>\n\t\t\t\t\n\t\t\t\t\n\t\t\t<\/div>\n\t\t\t\n\t\t<\/div>\n\t\t\t\t\t\t<\/div>\n\t\t\t\t<\/div>\n\t\t\t\t<div data-premium-element-link=\"{&quot;type&quot;:&quot;url&quot;,&quot;link&quot;:{&quot;url&quot;:&quot;https:\\\/\\\/armelex.com\\\/about-us\\\/&quot;,&quot;is_external&quot;:&quot;&quot;,&quot;nofollow&quot;:&quot;&quot;,&quot;custom_attributes&quot;:&quot;&quot;},&quot;href&quot;:&quot;https:\\\/\\\/armelex.com\\\/about-us\\\/&quot;}\" style=\"cursor: pointer\" class=\"elementor-element elementor-element-4f11c3c elementor-position-inline-end premium-wrapper-link-yes elementor-view-default elementor-mobile-position-block-start elementor-widget elementor-widget-icon-box\" data-id=\"4f11c3c\" data-element_type=\"widget\" data-e-type=\"widget\" data-widget_type=\"icon-box.default\">\n\t\t\t\t<div class=\"elementor-widget-container\">\n\t\t\t\t\t\t\t<div class=\"elementor-icon-box-wrapper\">\n\n\t\t\t\t\t\t<div class=\"elementor-icon-box-icon\">\n\t\t\t\t<a href=\"https:\/\/armelex.com\/about-us\/\" class=\"elementor-icon\" tabindex=\"-1\" aria-label=\"\u00dcber uns\">\n\t\t\t\t<i aria-hidden=\"true\" class=\"icon icon-arrow-right\"><\/i>\t\t\t\t<\/a>\n\t\t\t<\/div>\n\t\t\t\n\t\t\t\t\t\t<div class=\"elementor-icon-box-content\">\n\n\t\t\t\t\t\t\t\t\t<div class=\"elementor-icon-box-title\">\n\t\t\t\t\t\t<a href=\"https:\/\/armelex.com\/about-us\/\" >\n\t\t\t\t\t\t\t\u00dcber uns\t\t\t\t\t\t<\/a>\n\t\t\t\t\t<\/div>\n\t\t\t\t\n\t\t\t\t\n\t\t\t<\/div>\n\t\t\t\n\t\t<\/div>\n\t\t\t\t\t\t<\/div>\n\t\t\t\t<\/div>\n\t\t\t\t<div data-premium-element-link=\"{&quot;type&quot;:&quot;url&quot;,&quot;link&quot;:{&quot;url&quot;:&quot;https:\\\/\\\/armelex.com\\\/contact-us\\\/&quot;,&quot;is_external&quot;:&quot;&quot;,&quot;nofollow&quot;:&quot;&quot;,&quot;custom_attributes&quot;:&quot;&quot;},&quot;href&quot;:&quot;https:\\\/\\\/armelex.com\\\/contact-us\\\/&quot;}\" style=\"cursor: pointer\" class=\"elementor-element elementor-element-34e938a3 elementor-position-inline-end premium-wrapper-link-yes elementor-view-default elementor-mobile-position-block-start elementor-widget elementor-widget-icon-box\" data-id=\"34e938a3\" data-element_type=\"widget\" data-e-type=\"widget\" data-widget_type=\"icon-box.default\">\n\t\t\t\t<div class=\"elementor-widget-container\">\n\t\t\t\t\t\t\t<div class=\"elementor-icon-box-wrapper\">\n\n\t\t\t\t\t\t<div class=\"elementor-icon-box-icon\">\n\t\t\t\t<a href=\"https:\/\/armelex.com\/contact-us\/\" class=\"elementor-icon\" tabindex=\"-1\" aria-label=\"Kontaktieren Sie uns\">\n\t\t\t\t<i aria-hidden=\"true\" class=\"icon icon-arrow-right\"><\/i>\t\t\t\t<\/a>\n\t\t\t<\/div>\n\t\t\t\n\t\t\t\t\t\t<div class=\"elementor-icon-box-content\">\n\n\t\t\t\t\t\t\t\t\t<div class=\"elementor-icon-box-title\">\n\t\t\t\t\t\t<a href=\"https:\/\/armelex.com\/contact-us\/\" >\n\t\t\t\t\t\t\tKontaktieren Sie uns\t\t\t\t\t\t<\/a>\n\t\t\t\t\t<\/div>\n\t\t\t\t\n\t\t\t\t\n\t\t\t<\/div>\n\t\t\t\n\t\t<\/div>\n\t\t\t\t\t\t<\/div>\n\t\t\t\t<\/div>\n\t\t\t\t<div data-premium-element-link=\"{&quot;type&quot;:&quot;url&quot;,&quot;link&quot;:{&quot;url&quot;:&quot;https:\\\/\\\/armelex.com\\\/category\\\/our-products\\\/&quot;,&quot;is_external&quot;:&quot;&quot;,&quot;nofollow&quot;:&quot;&quot;,&quot;custom_attributes&quot;:&quot;&quot;},&quot;href&quot;:&quot;https:\\\/\\\/armelex.com\\\/category\\\/our-products\\\/&quot;}\" style=\"cursor: pointer\" class=\"elementor-element elementor-element-51fda593 elementor-position-inline-end premium-wrapper-link-yes elementor-view-default elementor-mobile-position-block-start elementor-widget elementor-widget-icon-box\" data-id=\"51fda593\" data-element_type=\"widget\" data-e-type=\"widget\" data-widget_type=\"icon-box.default\">\n\t\t\t\t<div class=\"elementor-widget-container\">\n\t\t\t\t\t\t\t<div class=\"elementor-icon-box-wrapper\">\n\n\t\t\t\t\t\t<div class=\"elementor-icon-box-icon\">\n\t\t\t\t<a href=\"https:\/\/armelex.com\/category\/our-products\/\" class=\"elementor-icon\" tabindex=\"-1\" aria-label=\"unsere Produkte\">\n\t\t\t\t<i aria-hidden=\"true\" class=\"icon icon-arrow-right\"><\/i>\t\t\t\t<\/a>\n\t\t\t<\/div>\n\t\t\t\n\t\t\t\t\t\t<div class=\"elementor-icon-box-content\">\n\n\t\t\t\t\t\t\t\t\t<div class=\"elementor-icon-box-title\">\n\t\t\t\t\t\t<a href=\"https:\/\/armelex.com\/category\/our-products\/\" >\n\t\t\t\t\t\t\tunsere Produkte\t\t\t\t\t\t<\/a>\n\t\t\t\t\t<\/div>\n\t\t\t\t\n\t\t\t\t\n\t\t\t<\/div>\n\t\t\t\n\t\t<\/div>\n\t\t\t\t\t\t<\/div>\n\t\t\t\t<\/div>\n\t\t\t\t<div class=\"elementor-element elementor-element-f11d1c1 elementor-position-inline-end elementor-view-default elementor-mobile-position-block-start elementor-widget elementor-widget-icon-box\" data-id=\"f11d1c1\" data-element_type=\"widget\" data-e-type=\"widget\" data-widget_type=\"icon-box.default\">\n\t\t\t\t<div class=\"elementor-widget-container\">\n\t\t\t\t\t\t\t<div class=\"elementor-icon-box-wrapper\">\n\n\t\t\t\t\t\t<div class=\"elementor-icon-box-icon\">\n\t\t\t\t<a href=\"#elementor-action%3Aaction%3Dpopup%3Aopen%26settings%3DeyJpZCI6IjEwMzEiLCJ0b2dnbGUiOmZhbHNlfQ%3D%3D\" class=\"elementor-icon\" tabindex=\"-1\" aria-label=\"E-Katalog\">\n\t\t\t\t<i aria-hidden=\"true\" class=\"icon icon-arrow-right\"><\/i>\t\t\t\t<\/a>\n\t\t\t<\/div>\n\t\t\t\n\t\t\t\t\t\t<div class=\"elementor-icon-box-content\">\n\n\t\t\t\t\t\t\t\t\t<div class=\"elementor-icon-box-title\">\n\t\t\t\t\t\t<a href=\"#elementor-action%3Aaction%3Dpopup%3Aopen%26settings%3DeyJpZCI6IjEwMzEiLCJ0b2dnbGUiOmZhbHNlfQ%3D%3D\" >\n\t\t\t\t\t\t\tE-Katalog\t\t\t\t\t\t<\/a>\n\t\t\t\t\t<\/div>\n\t\t\t\t\n\t\t\t\t\n\t\t\t<\/div>\n\t\t\t\n\t\t<\/div>\n\t\t\t\t\t\t<\/div>\n\t\t\t\t<\/div>\n\t\t\t\t<div class=\"elementor-element elementor-element-2061de2 elementor-position-inline-end elementor-view-default elementor-mobile-position-block-start elementor-widget elementor-widget-icon-box\" data-id=\"2061de2\" data-element_type=\"widget\" data-e-type=\"widget\" data-widget_type=\"icon-box.default\">\n\t\t\t\t<div class=\"elementor-widget-container\">\n\t\t\t\t\t\t\t<div class=\"elementor-icon-box-wrapper\">\n\n\t\t\t\t\t\t<div class=\"elementor-icon-box-icon\">\n\t\t\t\t<a href=\"#elementor-action%3Aaction%3Dpopup%3Aopen%26settings%3DeyJpZCI6IjEwNDAiLCJ0b2dnbGUiOmZhbHNlfQ%3D%3D\" class=\"elementor-icon\" tabindex=\"-1\" aria-label=\"Nachrichten \/ Blog\">\n\t\t\t\t<i aria-hidden=\"true\" class=\"icon icon-arrow-right\"><\/i>\t\t\t\t<\/a>\n\t\t\t<\/div>\n\t\t\t\n\t\t\t\t\t\t<div class=\"elementor-icon-box-content\">\n\n\t\t\t\t\t\t\t\t\t<div class=\"elementor-icon-box-title\">\n\t\t\t\t\t\t<a href=\"#elementor-action%3Aaction%3Dpopup%3Aopen%26settings%3DeyJpZCI6IjEwNDAiLCJ0b2dnbGUiOmZhbHNlfQ%3D%3D\" >\n\t\t\t\t\t\t\tNachrichten \/ Blog\t\t\t\t\t\t<\/a>\n\t\t\t\t\t<\/div>\n\t\t\t\t\n\t\t\t\t\n\t\t\t<\/div>\n\t\t\t\n\t\t<\/div>\n\t\t\t\t\t\t<\/div>\n\t\t\t\t<\/div>\n\t\t\t\t<div class=\"elementor-element elementor-element-42bf4886 premium-mobile-icon-box-center premium-icon-box-center elementor-widget elementor-widget-premium-addon-icon-box\" data-id=\"42bf4886\" data-element_type=\"widget\" data-e-type=\"widget\" data-widget_type=\"premium-addon-icon-box.default\">\n\t\t\t\t<div class=\"elementor-widget-container\">\n\t\t\t\t\t\n\t\t\t\t<div class=\"premium-icon-box-container-in premium-icon-box-flex-top premium-icon-box-flex-ver-top\" >\n\t\t\t<div class=\"premium-icon-box-icon-container\">\n\n\t\t\t\t<div class=\"premium-icon-wrapper\">\n\t\t\t\t\t<i class=\"premium-icon-box-icon none icon icon-check-circle\" aria-hidden=\"true\"><\/i>\n\t\t\t\t\t\t\t\t\t\t<\/div>\n\t\t\t\t<\/div>\n\n\t\t\t<div class=\"premium-icon-box-content-wrap premium-icon-box-cta-\">\n\n\t\t\t\t\t\t\t\t\t<div class=\"premium-icon-box-text-wrap\">\n\t\t\t\t\t\n\t\t\t\t\t\t\t<h3 class=\"premium-icon-box-title\">Umweltvertr\u00e4gliche Materialien\t\t\t\t\t\t\t\t\t\t\t\t\t\t<\/h3>\n\t\t\t\t\t\n\t\t\t\t\t\t\t\t\t\t\t<div class=\"premium-icon-box-content\">\n\t\t\t\t\t\t\t<p>Unsere Produkte werden aus nachhaltigen, umweltfreundlichen Materialien hergestellt, um die Umweltbelastung zu verringern.<\/p>\t\t\t\t\t\t<\/div>\n\t\t\t\t\t\t\t\t\t\t<\/div>\n\t\t\t\t\n\t\t\t\t\t\t\t<\/div>\n\t\t<\/div>\n\n\t\t\t\t\t\t\t\t\t\t\t\t<\/div>\n\t\t\t\t<\/div>\n\t\t\t\t<div class=\"elementor-element elementor-element-34c1f10a premium-mobile-icon-box-center premium-icon-box-center elementor-widget elementor-widget-premium-addon-icon-box\" data-id=\"34c1f10a\" data-element_type=\"widget\" data-e-type=\"widget\" data-widget_type=\"premium-addon-icon-box.default\">\n\t\t\t\t<div class=\"elementor-widget-container\">\n\t\t\t\t\t\n\t\t\t\t<div class=\"premium-icon-box-container-in premium-icon-box-flex-top premium-icon-box-flex-ver-top\" >\n\t\t\t<div class=\"premium-icon-box-icon-container\">\n\n\t\t\t\t<div class=\"premium-icon-wrapper\">\n\t\t\t\t\t<i class=\"premium-icon-box-icon none icon icon-check-circle\" aria-hidden=\"true\"><\/i>\n\t\t\t\t\t\t\t\t\t\t<\/div>\n\t\t\t\t<\/div>\n\n\t\t\t<div class=\"premium-icon-box-content-wrap premium-icon-box-cta-\">\n\n\t\t\t\t\t\t\t\t\t<div class=\"premium-icon-box-text-wrap\">\n\t\t\t\t\t\n\t\t\t\t\t\t\t<h3 class=\"premium-icon-box-title\">Anpassbare Designs\t\t\t\t\t\t\t\t\t\t\t\t\t\t<\/h3>\n\t\t\t\t\t\n\t\t\t\t\t\t\t\t\t\t\t<div class=\"premium-icon-box-content\">\n\t\t\t\t\t\t\t<p>Vollst\u00e4ndig anpassbare Verpackungsoptionen, einschlie\u00dflich Logodruck und Gr\u00f6\u00dfenanpassung an Ihre Marke.<\/p>\t\t\t\t\t\t<\/div>\n\t\t\t\t\t\t\t\t\t\t<\/div>\n\t\t\t\t\n\t\t\t\t\t\t\t<\/div>\n\t\t<\/div>\n\n\t\t\t\t\t\t\t\t\t\t\t\t<\/div>\n\t\t\t\t<\/div>\n\t\t\t\t<div class=\"elementor-element elementor-element-12453329 premium-mobile-icon-box-center premium-icon-box-center elementor-widget elementor-widget-premium-addon-icon-box\" data-id=\"12453329\" data-element_type=\"widget\" data-e-type=\"widget\" data-widget_type=\"premium-addon-icon-box.default\">\n\t\t\t\t<div class=\"elementor-widget-container\">\n\t\t\t\t\t\n\t\t\t\t<div class=\"premium-icon-box-container-in premium-icon-box-flex-top premium-icon-box-flex-ver-top\" >\n\t\t\t<div class=\"premium-icon-box-icon-container\">\n\n\t\t\t\t<div class=\"premium-icon-wrapper\">\n\t\t\t\t\t<i class=\"premium-icon-box-icon none icon icon-check-circle\" aria-hidden=\"true\"><\/i>\n\t\t\t\t\t\t\t\t\t\t<\/div>\n\t\t\t\t<\/div>\n\n\t\t\t<div class=\"premium-icon-box-content-wrap premium-icon-box-cta-\">\n\n\t\t\t\t\t\t\t\t\t<div class=\"premium-icon-box-text-wrap\">\n\t\t\t\t\t\n\t\t\t\t\t\t\t<h3 class=\"premium-icon-box-title\">Langlebig &amp; Zuverl\u00e4ssig\t\t\t\t\t\t\t\t\t\t\t\t\t\t<\/h3>\n\t\t\t\t\t\n\t\t\t\t\t\t\t\t\t\t\t<div class=\"premium-icon-box-content\">\n\t\t\t\t\t\t\t<p>Hochwertige Materialien sorgen daf\u00fcr, dass unsere Verpackungen langlebig und sicher f\u00fcr verschiedene Lebensmittel sind.<\/p>\t\t\t\t\t\t<\/div>\n\t\t\t\t\t\t\t\t\t\t<\/div>\n\t\t\t\t\n\t\t\t\t\t\t\t<\/div>\n\t\t<\/div>\n\n\t\t\t\t\t\t\t\t\t\t\t\t<\/div>\n\t\t\t\t<\/div>\n\t\t\t\t<div class=\"elementor-element elementor-element-5c36ce28 premium-mobile-icon-box-center premium-icon-box-center elementor-widget elementor-widget-premium-addon-icon-box\" data-id=\"5c36ce28\" data-element_type=\"widget\" data-e-type=\"widget\" data-widget_type=\"premium-addon-icon-box.default\">\n\t\t\t\t<div class=\"elementor-widget-container\">\n\t\t\t\t\t\n\t\t\t\t<div class=\"premium-icon-box-container-in premium-icon-box-flex-top premium-icon-box-flex-ver-top\" >\n\t\t\t<div class=\"premium-icon-box-icon-container\">\n\n\t\t\t\t<div class=\"premium-icon-wrapper\">\n\t\t\t\t\t<i class=\"premium-icon-box-icon none icon icon-check-circle\" aria-hidden=\"true\"><\/i>\n\t\t\t\t\t\t\t\t\t\t<\/div>\n\t\t\t\t<\/div>\n\n\t\t\t<div class=\"premium-icon-box-content-wrap premium-icon-box-cta-\">\n\n\t\t\t\t\t\t\t\t\t<div class=\"premium-icon-box-text-wrap\">\n\t\t\t\t\t\n\t\t\t\t\t\t\t<h3 class=\"premium-icon-box-title\">Internationale Ausfuhr\t\t\t\t\t\t\t\t\t\t\t\t\t\t<\/h3>\n\t\t\t\t\t\n\t\t\t\t\t\t\t\t\t\t\t<div class=\"premium-icon-box-content\">\n\t\t\t\t\t\t\t<p>Wir genie\u00dfen weltweites Vertrauen und bieten Verpackungsl\u00f6sungen auf vielen Kontinenten zu den g\u00fcnstigsten Preisen an.<\/p>\t\t\t\t\t\t<\/div>\n\t\t\t\t\t\t\t\t\t\t<\/div>\n\t\t\t\t\n\t\t\t\t\t\t\t<\/div>\n\t\t<\/div>\n\n\t\t\t\t\t\t\t\t\t\t\t\t<\/div>\n\t\t\t\t<\/div>\n\t\t\t\t<\/div>\n\t\t\t\t<\/div>\n\t\t<\/div>\n\t\t\t\t\t\t<\/div>\n\t\t\t\t<\/div>\n\t\t\t\t<\/div>\n\t\t<div class=\"elementor-element elementor-element-4e2b43a5 e-con-full e-flex e-con e-child\" data-id=\"4e2b43a5\" data-element_type=\"container\" data-e-type=\"container\">\n\t\t<div class=\"elementor-element elementor-element-1857af6f e-con-full e-flex e-con e-child\" data-id=\"1857af6f\" data-element_type=\"container\" data-e-type=\"container\">\n\t\t\t\t<div class=\"elementor-element elementor-element-4190274e elementor-widget elementor-widget-image\" data-id=\"4190274e\" data-element_type=\"widget\" data-e-type=\"widget\" data-widget_type=\"image.default\">\n\t\t\t\t<div class=\"elementor-widget-container\">\n\t\t\t\t\t\t\t\t\t\t\t\t\t\t\t<img fetchpriority=\"high\" decoding=\"async\" width=\"1200\" height=\"800\" src=\"https:\/\/armelex.com\/wp-content\/uploads\/2024\/11\/isg-politikamiz.webp\" class=\"attachment-full size-full wp-image-994\" alt=\"\" srcset=\"https:\/\/armelex.com\/wp-content\/uploads\/2024\/11\/isg-politikamiz.webp 1200w, https:\/\/armelex.com\/wp-content\/uploads\/2024\/11\/isg-politikamiz-300x200.webp 300w, https:\/\/armelex.com\/wp-content\/uploads\/2024\/11\/isg-politikamiz-1024x683.webp 1024w, https:\/\/armelex.com\/wp-content\/uploads\/2024\/11\/isg-politikamiz-768x512.webp 768w, https:\/\/armelex.com\/wp-content\/uploads\/2024\/11\/isg-politikamiz-18x12.webp 18w\" sizes=\"(max-width: 1200px) 100vw, 1200px\" \/>\t\t\t\t\t\t\t\t\t\t\t\t\t\t\t<\/div>\n\t\t\t\t<\/div>\n\t\t\t\t<div class=\"elementor-element elementor-element-7ce6fc4c elementor-widget elementor-widget-text-editor\" data-id=\"7ce6fc4c\" data-element_type=\"widget\" data-e-type=\"widget\" data-widget_type=\"text-editor.default\">\n\t\t\t\t<div class=\"elementor-widget-container\">\n\t\t\t\t\t\t\t\t\t<p>Armelex legt gr\u00f6ssten Wert auf die Gesundheit, die Sicherheit und das Wohlbefinden seiner Mitarbeitenden, Partner und aller an der Arbeit Beteiligten. Wir sind davon \u00fcberzeugt, dass ein sicheres Arbeitsumfeld eine wesentliche Voraussetzung f\u00fcr die Qualit\u00e4t unserer Produkte und Dienstleistungen ist. Unsere Arbeitsschutzpolitik zielt darauf ab, eine Kultur der Sicherheit zu schaffen, Risiken zu minimieren und die Einhaltung aller relevanten Vorschriften und Industriestandards zu gew\u00e4hrleisten.<\/p><p>Wir verpflichten uns, durch kontinuierliche Risikobewertungen, proaktive Gefahrenerkennung und die Umsetzung wirksamer Sicherheitsma\u00dfnahmen einen sicheren und gesunden Arbeitsplatz zu schaffen. Unser Team ist mit den erforderlichen Schulungen, Ressourcen und pers\u00f6nlicher Schutzausr\u00fcstung (PSA) ausgestattet, um seine Aufgaben sicher und effizient zu erf\u00fcllen. Regelm\u00e4\u00dfige Sicherheitsaudits und -inspektionen sorgen f\u00fcr die Aufrechterhaltung hoher Standards und die unverz\u00fcgliche Behebung m\u00f6glicher Probleme.<\/p><p>Armelex f\u00f6rdert eine offene Kommunikation und ermutigt die Mitarbeitenden, Sicherheitsbedenken zu melden und zur Verbesserung unserer Arbeitsschutzpraktiken beizutragen. Wir f\u00f6rdern eine Kultur der gemeinsamen Verantwortung, in der jedes Teammitglied eine entscheidende Rolle bei der Aufrechterhaltung eines sicheren Arbeitsplatzes spielt. Durch kontinuierliche Aus- und Weiterbildungsprogramme wollen wir das Sicherheitsbewusstsein unserer Mitarbeitenden st\u00e4rken und sie bef\u00e4higen, fundierte Entscheidungen \u00fcber ihre Gesundheit und ihr Wohlbefinden zu treffen.<\/p><p>Unser Engagement f\u00fcr Gesundheit und Sicherheit am Arbeitsplatz geht \u00fcber die Einhaltung von Vorschriften hinaus. Wir sind st\u00e4ndig bestrebt, unsere Sicherheitsprotokolle zu verbessern, branchen\u00fcbliche Best Practices zu implementieren und ein Arbeitsumfeld zu schaffen, in dem sich alle Mitarbeitenden gesch\u00fctzt und wertgesch\u00e4tzt f\u00fchlen. Bei Armelex ist die Sicherheit unserer Mitarbeitenden nicht nur eine Richtlinie, sondern ein grundlegender Bestandteil der Werte und der Mission unseres Unternehmens.<\/p>\t\t\t\t\t\t\t\t<\/div>\n\t\t\t\t<\/div>\n\t\t\t\t<\/div>\n\t\t\t\t<\/div>\n\t\t\t\t\t<\/div>\n\t\t\t\t<\/div>\n\t\t\t\t<\/div>","protected":false},"excerpt":{"rendered":"<p>Home At Armelex, we place the highest importance on the health, safety, and well-being of our employees, partners, and everyone involved in our operations. We believe that a safe working environment is essential to achieving excellence in our products and services. Our Occupational Health and Safety (OHS) Policy is designed to create a culture of [&hellip;]<\/p>","protected":false},"author":1,"featured_media":0,"parent":0,"menu_order":0,"comment_status":"closed","ping_status":"closed","template":"","meta":{"_acf_changed":false,"footnotes":""},"class_list":["post-992","page","type-page","status-publish","hentry"],"acf":[],"_links":{"self":[{"href":"https:\/\/armelex.com\/de\/wp-json\/wp\/v2\/pages\/992","targetHints":{"allow":["GET"]}}],"collection":[{"href":"https:\/\/armelex.com\/de\/wp-json\/wp\/v2\/pages"}],"about":[{"href":"https:\/\/armelex.com\/de\/wp-json\/wp\/v2\/types\/page"}],"author":[{"embeddable":true,"href":"https:\/\/armelex.com\/de\/wp-json\/wp\/v2\/users\/1"}],"replies":[{"embeddable":true,"href":"https:\/\/armelex.com\/de\/wp-json\/wp\/v2\/comments?post=992"}],"version-history":[{"count":0,"href":"https:\/\/armelex.com\/de\/wp-json\/wp\/v2\/pages\/992\/revisions"}],"wp:attachment":[{"href":"https:\/\/armelex.com\/de\/wp-json\/wp\/v2\/media?parent=992"}],"curies":[{"name":"wp","href":"https:\/\/api.w.org\/{rel}","templated":true}]}}