{"id":986,"date":"2024-11-10T22:08:17","date_gmt":"2024-11-10T22:08:17","guid":{"rendered":"https:\/\/armelex.com\/?page_id=986"},"modified":"2024-11-10T22:09:24","modified_gmt":"2024-11-10T22:09:24","slug":"our-environmental-policy","status":"publish","type":"page","link":"https:\/\/armelex.com\/de\/our-environmental-policy\/","title":{"rendered":"Unsere Umweltpolitik"},"content":{"rendered":"<div data-elementor-type=\"wp-page\" data-elementor-id=\"986\" class=\"elementor elementor-986\" data-elementor-post-type=\"page\">\n\t\t\t\t<div class=\"elementor-element elementor-element-3aa55a4b e-flex e-con-boxed e-con e-parent\" data-id=\"3aa55a4b\" data-element_type=\"container\" data-e-type=\"container\" data-settings=\"{&quot;background_background&quot;:&quot;classic&quot;}\">\n\t\t\t\t\t<div class=\"e-con-inner\">\n\t\t\t\t<div class=\"elementor-element elementor-element-541a5315 jet-breadcrumbs-align-center elementor-widget elementor-widget-jet-breadcrumbs\" data-id=\"541a5315\" data-element_type=\"widget\" data-e-type=\"widget\" data-widget_type=\"jet-breadcrumbs.default\">\n\t\t\t\t<div class=\"elementor-widget-container\">\n\t\t\t\t\t<div class=\"elementor-jet-breadcrumbs jet-blocks\">\n\t\t<div class=\"jet-breadcrumbs\">\n\t\t<div class=\"jet-breadcrumbs__content\">\n\t\t<div class=\"jet-breadcrumbs__wrap\"><div class=\"jet-breadcrumbs__item\"><a href=\"https:\/\/armelex.com\/de\/\" class=\"jet-breadcrumbs__item-link is-home\" rel=\"home\" title=\"Startseite\">Startseite<\/a><\/div>\n\t\t<\/div>\n\t\t<\/div>\n\t\t<\/div><\/div>\t\t\t\t<\/div>\n\t\t\t\t<\/div>\n\t\t\t\t\t<\/div>\n\t\t\t\t<\/div>\n\t\t<div class=\"elementor-element elementor-element-21c60a3d e-flex e-con-boxed e-con e-parent\" data-id=\"21c60a3d\" data-element_type=\"container\" data-e-type=\"container\">\n\t\t\t\t\t<div class=\"e-con-inner\">\n\t\t<div class=\"elementor-element elementor-element-a7a997e e-con-full elementor-hidden-tablet elementor-hidden-mobile e-flex e-con e-child\" data-id=\"a7a997e\" data-element_type=\"container\" data-e-type=\"container\">\n\t\t\t\t<div class=\"elementor-element elementor-element-7fe7356c elementor-widget elementor-widget-shortcode\" data-id=\"7fe7356c\" data-element_type=\"widget\" data-e-type=\"widget\" data-widget_type=\"shortcode.default\">\n\t\t\t\t<div class=\"elementor-widget-container\">\n\t\t\t\t\t\t\t<div class=\"elementor-shortcode\">\t\t<div data-elementor-type=\"container\" data-elementor-id=\"967\" class=\"elementor elementor-967\" data-elementor-post-type=\"elementor_library\">\n\t\t\t\t<div class=\"elementor-element elementor-element-2da49f89 e-con-full e-flex e-con e-child\" data-id=\"2da49f89\" data-element_type=\"container\" data-e-type=\"container\">\n\t\t\t\t<div data-premium-element-link=\"{&quot;type&quot;:&quot;url&quot;,&quot;link&quot;:{&quot;url&quot;:&quot;https:\\\/\\\/armelex.com\\\/de&quot;,&quot;is_external&quot;:&quot;&quot;,&quot;nofollow&quot;:&quot;&quot;,&quot;custom_attributes&quot;:&quot;&quot;},&quot;href&quot;:&quot;https:\\\/\\\/armelex.com\\\/de&quot;}\" style=\"cursor: pointer\" class=\"elementor-element elementor-element-3e65a4c6 elementor-position-inline-end premium-wrapper-link-yes elementor-view-default elementor-mobile-position-block-start elementor-widget elementor-widget-icon-box\" data-id=\"3e65a4c6\" data-element_type=\"widget\" data-e-type=\"widget\" data-widget_type=\"icon-box.default\">\n\t\t\t\t<div class=\"elementor-widget-container\">\n\t\t\t\t\t\t\t<div class=\"elementor-icon-box-wrapper\">\n\n\t\t\t\t\t\t<div class=\"elementor-icon-box-icon\">\n\t\t\t\t<a href=\"https:\/\/armelex.com\/de\" class=\"elementor-icon\" tabindex=\"-1\" aria-label=\"Startseite\">\n\t\t\t\t<i aria-hidden=\"true\" class=\"icon icon-arrow-right\"><\/i>\t\t\t\t<\/a>\n\t\t\t<\/div>\n\t\t\t\n\t\t\t\t\t\t<div class=\"elementor-icon-box-content\">\n\n\t\t\t\t\t\t\t\t\t<div class=\"elementor-icon-box-title\">\n\t\t\t\t\t\t<a href=\"https:\/\/armelex.com\/de\" >\n\t\t\t\t\t\t\tStartseite\t\t\t\t\t\t<\/a>\n\t\t\t\t\t<\/div>\n\t\t\t\t\n\t\t\t\t\n\t\t\t<\/div>\n\t\t\t\n\t\t<\/div>\n\t\t\t\t\t\t<\/div>\n\t\t\t\t<\/div>\n\t\t\t\t<div data-premium-element-link=\"{&quot;type&quot;:&quot;url&quot;,&quot;link&quot;:{&quot;url&quot;:&quot;https:\\\/\\\/armelex.com\\\/about-us\\\/&quot;,&quot;is_external&quot;:&quot;&quot;,&quot;nofollow&quot;:&quot;&quot;,&quot;custom_attributes&quot;:&quot;&quot;},&quot;href&quot;:&quot;https:\\\/\\\/armelex.com\\\/about-us\\\/&quot;}\" style=\"cursor: pointer\" class=\"elementor-element elementor-element-4f11c3c elementor-position-inline-end premium-wrapper-link-yes elementor-view-default elementor-mobile-position-block-start elementor-widget elementor-widget-icon-box\" data-id=\"4f11c3c\" data-element_type=\"widget\" data-e-type=\"widget\" data-widget_type=\"icon-box.default\">\n\t\t\t\t<div class=\"elementor-widget-container\">\n\t\t\t\t\t\t\t<div class=\"elementor-icon-box-wrapper\">\n\n\t\t\t\t\t\t<div class=\"elementor-icon-box-icon\">\n\t\t\t\t<a href=\"https:\/\/armelex.com\/about-us\/\" class=\"elementor-icon\" tabindex=\"-1\" aria-label=\"\u00dcber uns\">\n\t\t\t\t<i aria-hidden=\"true\" class=\"icon icon-arrow-right\"><\/i>\t\t\t\t<\/a>\n\t\t\t<\/div>\n\t\t\t\n\t\t\t\t\t\t<div class=\"elementor-icon-box-content\">\n\n\t\t\t\t\t\t\t\t\t<div class=\"elementor-icon-box-title\">\n\t\t\t\t\t\t<a href=\"https:\/\/armelex.com\/about-us\/\" >\n\t\t\t\t\t\t\t\u00dcber uns\t\t\t\t\t\t<\/a>\n\t\t\t\t\t<\/div>\n\t\t\t\t\n\t\t\t\t\n\t\t\t<\/div>\n\t\t\t\n\t\t<\/div>\n\t\t\t\t\t\t<\/div>\n\t\t\t\t<\/div>\n\t\t\t\t<div data-premium-element-link=\"{&quot;type&quot;:&quot;url&quot;,&quot;link&quot;:{&quot;url&quot;:&quot;https:\\\/\\\/armelex.com\\\/contact-us\\\/&quot;,&quot;is_external&quot;:&quot;&quot;,&quot;nofollow&quot;:&quot;&quot;,&quot;custom_attributes&quot;:&quot;&quot;},&quot;href&quot;:&quot;https:\\\/\\\/armelex.com\\\/contact-us\\\/&quot;}\" style=\"cursor: pointer\" class=\"elementor-element elementor-element-34e938a3 elementor-position-inline-end premium-wrapper-link-yes elementor-view-default elementor-mobile-position-block-start elementor-widget elementor-widget-icon-box\" data-id=\"34e938a3\" data-element_type=\"widget\" data-e-type=\"widget\" data-widget_type=\"icon-box.default\">\n\t\t\t\t<div class=\"elementor-widget-container\">\n\t\t\t\t\t\t\t<div class=\"elementor-icon-box-wrapper\">\n\n\t\t\t\t\t\t<div class=\"elementor-icon-box-icon\">\n\t\t\t\t<a href=\"https:\/\/armelex.com\/contact-us\/\" class=\"elementor-icon\" tabindex=\"-1\" aria-label=\"Kontaktieren Sie uns\">\n\t\t\t\t<i aria-hidden=\"true\" class=\"icon icon-arrow-right\"><\/i>\t\t\t\t<\/a>\n\t\t\t<\/div>\n\t\t\t\n\t\t\t\t\t\t<div class=\"elementor-icon-box-content\">\n\n\t\t\t\t\t\t\t\t\t<div class=\"elementor-icon-box-title\">\n\t\t\t\t\t\t<a href=\"https:\/\/armelex.com\/contact-us\/\" >\n\t\t\t\t\t\t\tKontaktieren Sie uns\t\t\t\t\t\t<\/a>\n\t\t\t\t\t<\/div>\n\t\t\t\t\n\t\t\t\t\n\t\t\t<\/div>\n\t\t\t\n\t\t<\/div>\n\t\t\t\t\t\t<\/div>\n\t\t\t\t<\/div>\n\t\t\t\t<div data-premium-element-link=\"{&quot;type&quot;:&quot;url&quot;,&quot;link&quot;:{&quot;url&quot;:&quot;https:\\\/\\\/armelex.com\\\/category\\\/our-products\\\/&quot;,&quot;is_external&quot;:&quot;&quot;,&quot;nofollow&quot;:&quot;&quot;,&quot;custom_attributes&quot;:&quot;&quot;},&quot;href&quot;:&quot;https:\\\/\\\/armelex.com\\\/category\\\/our-products\\\/&quot;}\" style=\"cursor: pointer\" class=\"elementor-element elementor-element-51fda593 elementor-position-inline-end premium-wrapper-link-yes elementor-view-default elementor-mobile-position-block-start elementor-widget elementor-widget-icon-box\" data-id=\"51fda593\" data-element_type=\"widget\" data-e-type=\"widget\" data-widget_type=\"icon-box.default\">\n\t\t\t\t<div class=\"elementor-widget-container\">\n\t\t\t\t\t\t\t<div class=\"elementor-icon-box-wrapper\">\n\n\t\t\t\t\t\t<div class=\"elementor-icon-box-icon\">\n\t\t\t\t<a href=\"https:\/\/armelex.com\/category\/our-products\/\" class=\"elementor-icon\" tabindex=\"-1\" aria-label=\"unsere Produkte\">\n\t\t\t\t<i aria-hidden=\"true\" class=\"icon icon-arrow-right\"><\/i>\t\t\t\t<\/a>\n\t\t\t<\/div>\n\t\t\t\n\t\t\t\t\t\t<div class=\"elementor-icon-box-content\">\n\n\t\t\t\t\t\t\t\t\t<div class=\"elementor-icon-box-title\">\n\t\t\t\t\t\t<a href=\"https:\/\/armelex.com\/category\/our-products\/\" >\n\t\t\t\t\t\t\tunsere Produkte\t\t\t\t\t\t<\/a>\n\t\t\t\t\t<\/div>\n\t\t\t\t\n\t\t\t\t\n\t\t\t<\/div>\n\t\t\t\n\t\t<\/div>\n\t\t\t\t\t\t<\/div>\n\t\t\t\t<\/div>\n\t\t\t\t<div class=\"elementor-element elementor-element-f11d1c1 elementor-position-inline-end elementor-view-default elementor-mobile-position-block-start elementor-widget elementor-widget-icon-box\" data-id=\"f11d1c1\" data-element_type=\"widget\" data-e-type=\"widget\" data-widget_type=\"icon-box.default\">\n\t\t\t\t<div class=\"elementor-widget-container\">\n\t\t\t\t\t\t\t<div class=\"elementor-icon-box-wrapper\">\n\n\t\t\t\t\t\t<div class=\"elementor-icon-box-icon\">\n\t\t\t\t<a href=\"#elementor-action%3Aaction%3Dpopup%3Aopen%26settings%3DeyJpZCI6IjEwMzEiLCJ0b2dnbGUiOmZhbHNlfQ%3D%3D\" class=\"elementor-icon\" tabindex=\"-1\" aria-label=\"E-Katalog\">\n\t\t\t\t<i aria-hidden=\"true\" class=\"icon icon-arrow-right\"><\/i>\t\t\t\t<\/a>\n\t\t\t<\/div>\n\t\t\t\n\t\t\t\t\t\t<div class=\"elementor-icon-box-content\">\n\n\t\t\t\t\t\t\t\t\t<div class=\"elementor-icon-box-title\">\n\t\t\t\t\t\t<a href=\"#elementor-action%3Aaction%3Dpopup%3Aopen%26settings%3DeyJpZCI6IjEwMzEiLCJ0b2dnbGUiOmZhbHNlfQ%3D%3D\" >\n\t\t\t\t\t\t\tE-Katalog\t\t\t\t\t\t<\/a>\n\t\t\t\t\t<\/div>\n\t\t\t\t\n\t\t\t\t\n\t\t\t<\/div>\n\t\t\t\n\t\t<\/div>\n\t\t\t\t\t\t<\/div>\n\t\t\t\t<\/div>\n\t\t\t\t<div class=\"elementor-element elementor-element-2061de2 elementor-position-inline-end elementor-view-default elementor-mobile-position-block-start elementor-widget elementor-widget-icon-box\" data-id=\"2061de2\" data-element_type=\"widget\" data-e-type=\"widget\" data-widget_type=\"icon-box.default\">\n\t\t\t\t<div class=\"elementor-widget-container\">\n\t\t\t\t\t\t\t<div class=\"elementor-icon-box-wrapper\">\n\n\t\t\t\t\t\t<div class=\"elementor-icon-box-icon\">\n\t\t\t\t<a href=\"#elementor-action%3Aaction%3Dpopup%3Aopen%26settings%3DeyJpZCI6IjEwNDAiLCJ0b2dnbGUiOmZhbHNlfQ%3D%3D\" class=\"elementor-icon\" tabindex=\"-1\" aria-label=\"Nachrichten \/ Blog\">\n\t\t\t\t<i aria-hidden=\"true\" class=\"icon icon-arrow-right\"><\/i>\t\t\t\t<\/a>\n\t\t\t<\/div>\n\t\t\t\n\t\t\t\t\t\t<div class=\"elementor-icon-box-content\">\n\n\t\t\t\t\t\t\t\t\t<div class=\"elementor-icon-box-title\">\n\t\t\t\t\t\t<a href=\"#elementor-action%3Aaction%3Dpopup%3Aopen%26settings%3DeyJpZCI6IjEwNDAiLCJ0b2dnbGUiOmZhbHNlfQ%3D%3D\" >\n\t\t\t\t\t\t\tNachrichten \/ Blog\t\t\t\t\t\t<\/a>\n\t\t\t\t\t<\/div>\n\t\t\t\t\n\t\t\t\t\n\t\t\t<\/div>\n\t\t\t\n\t\t<\/div>\n\t\t\t\t\t\t<\/div>\n\t\t\t\t<\/div>\n\t\t\t\t<div class=\"elementor-element elementor-element-42bf4886 premium-mobile-icon-box-center premium-icon-box-center elementor-widget elementor-widget-premium-addon-icon-box\" data-id=\"42bf4886\" data-element_type=\"widget\" data-e-type=\"widget\" data-widget_type=\"premium-addon-icon-box.default\">\n\t\t\t\t<div class=\"elementor-widget-container\">\n\t\t\t\t\t\n\t\t\t\t<div class=\"premium-icon-box-container-in premium-icon-box-flex-top premium-icon-box-flex-ver-top\" >\n\t\t\t<div class=\"premium-icon-box-icon-container\">\n\n\t\t\t\t<div class=\"premium-icon-wrapper\">\n\t\t\t\t\t<i class=\"premium-icon-box-icon none icon icon-check-circle\" aria-hidden=\"true\"><\/i>\n\t\t\t\t\t\t\t\t\t\t<\/div>\n\t\t\t\t<\/div>\n\n\t\t\t<div class=\"premium-icon-box-content-wrap premium-icon-box-cta-\">\n\n\t\t\t\t\t\t\t\t\t<div class=\"premium-icon-box-text-wrap\">\n\t\t\t\t\t\n\t\t\t\t\t\t\t<h3 class=\"premium-icon-box-title\">Umweltvertr\u00e4gliche Materialien\t\t\t\t\t\t\t\t\t\t\t\t\t\t<\/h3>\n\t\t\t\t\t\n\t\t\t\t\t\t\t\t\t\t\t<div class=\"premium-icon-box-content\">\n\t\t\t\t\t\t\t<p>Unsere Produkte werden aus nachhaltigen, umweltfreundlichen Materialien hergestellt, um die Umweltbelastung zu verringern.<\/p>\t\t\t\t\t\t<\/div>\n\t\t\t\t\t\t\t\t\t\t<\/div>\n\t\t\t\t\n\t\t\t\t\t\t\t<\/div>\n\t\t<\/div>\n\n\t\t\t\t\t\t\t\t\t\t\t\t<\/div>\n\t\t\t\t<\/div>\n\t\t\t\t<div class=\"elementor-element elementor-element-34c1f10a premium-mobile-icon-box-center premium-icon-box-center elementor-widget elementor-widget-premium-addon-icon-box\" data-id=\"34c1f10a\" data-element_type=\"widget\" data-e-type=\"widget\" data-widget_type=\"premium-addon-icon-box.default\">\n\t\t\t\t<div class=\"elementor-widget-container\">\n\t\t\t\t\t\n\t\t\t\t<div class=\"premium-icon-box-container-in premium-icon-box-flex-top premium-icon-box-flex-ver-top\" >\n\t\t\t<div class=\"premium-icon-box-icon-container\">\n\n\t\t\t\t<div class=\"premium-icon-wrapper\">\n\t\t\t\t\t<i class=\"premium-icon-box-icon none icon icon-check-circle\" aria-hidden=\"true\"><\/i>\n\t\t\t\t\t\t\t\t\t\t<\/div>\n\t\t\t\t<\/div>\n\n\t\t\t<div class=\"premium-icon-box-content-wrap premium-icon-box-cta-\">\n\n\t\t\t\t\t\t\t\t\t<div class=\"premium-icon-box-text-wrap\">\n\t\t\t\t\t\n\t\t\t\t\t\t\t<h3 class=\"premium-icon-box-title\">Anpassbare Designs\t\t\t\t\t\t\t\t\t\t\t\t\t\t<\/h3>\n\t\t\t\t\t\n\t\t\t\t\t\t\t\t\t\t\t<div class=\"premium-icon-box-content\">\n\t\t\t\t\t\t\t<p>Vollst\u00e4ndig anpassbare Verpackungsoptionen, einschlie\u00dflich Logodruck und Gr\u00f6\u00dfenanpassung an Ihre Marke.<\/p>\t\t\t\t\t\t<\/div>\n\t\t\t\t\t\t\t\t\t\t<\/div>\n\t\t\t\t\n\t\t\t\t\t\t\t<\/div>\n\t\t<\/div>\n\n\t\t\t\t\t\t\t\t\t\t\t\t<\/div>\n\t\t\t\t<\/div>\n\t\t\t\t<div class=\"elementor-element elementor-element-12453329 premium-mobile-icon-box-center premium-icon-box-center elementor-widget elementor-widget-premium-addon-icon-box\" data-id=\"12453329\" data-element_type=\"widget\" data-e-type=\"widget\" data-widget_type=\"premium-addon-icon-box.default\">\n\t\t\t\t<div class=\"elementor-widget-container\">\n\t\t\t\t\t\n\t\t\t\t<div class=\"premium-icon-box-container-in premium-icon-box-flex-top premium-icon-box-flex-ver-top\" >\n\t\t\t<div class=\"premium-icon-box-icon-container\">\n\n\t\t\t\t<div class=\"premium-icon-wrapper\">\n\t\t\t\t\t<i class=\"premium-icon-box-icon none icon icon-check-circle\" aria-hidden=\"true\"><\/i>\n\t\t\t\t\t\t\t\t\t\t<\/div>\n\t\t\t\t<\/div>\n\n\t\t\t<div class=\"premium-icon-box-content-wrap premium-icon-box-cta-\">\n\n\t\t\t\t\t\t\t\t\t<div class=\"premium-icon-box-text-wrap\">\n\t\t\t\t\t\n\t\t\t\t\t\t\t<h3 class=\"premium-icon-box-title\">Langlebig &amp; Zuverl\u00e4ssig\t\t\t\t\t\t\t\t\t\t\t\t\t\t<\/h3>\n\t\t\t\t\t\n\t\t\t\t\t\t\t\t\t\t\t<div class=\"premium-icon-box-content\">\n\t\t\t\t\t\t\t<p>Hochwertige Materialien sorgen daf\u00fcr, dass unsere Verpackungen langlebig und sicher f\u00fcr verschiedene Lebensmittel sind.<\/p>\t\t\t\t\t\t<\/div>\n\t\t\t\t\t\t\t\t\t\t<\/div>\n\t\t\t\t\n\t\t\t\t\t\t\t<\/div>\n\t\t<\/div>\n\n\t\t\t\t\t\t\t\t\t\t\t\t<\/div>\n\t\t\t\t<\/div>\n\t\t\t\t<div class=\"elementor-element elementor-element-5c36ce28 premium-mobile-icon-box-center premium-icon-box-center elementor-widget elementor-widget-premium-addon-icon-box\" data-id=\"5c36ce28\" data-element_type=\"widget\" data-e-type=\"widget\" data-widget_type=\"premium-addon-icon-box.default\">\n\t\t\t\t<div class=\"elementor-widget-container\">\n\t\t\t\t\t\n\t\t\t\t<div class=\"premium-icon-box-container-in premium-icon-box-flex-top premium-icon-box-flex-ver-top\" >\n\t\t\t<div class=\"premium-icon-box-icon-container\">\n\n\t\t\t\t<div class=\"premium-icon-wrapper\">\n\t\t\t\t\t<i class=\"premium-icon-box-icon none icon icon-check-circle\" aria-hidden=\"true\"><\/i>\n\t\t\t\t\t\t\t\t\t\t<\/div>\n\t\t\t\t<\/div>\n\n\t\t\t<div class=\"premium-icon-box-content-wrap premium-icon-box-cta-\">\n\n\t\t\t\t\t\t\t\t\t<div class=\"premium-icon-box-text-wrap\">\n\t\t\t\t\t\n\t\t\t\t\t\t\t<h3 class=\"premium-icon-box-title\">Internationale Ausfuhr\t\t\t\t\t\t\t\t\t\t\t\t\t\t<\/h3>\n\t\t\t\t\t\n\t\t\t\t\t\t\t\t\t\t\t<div class=\"premium-icon-box-content\">\n\t\t\t\t\t\t\t<p>Wir genie\u00dfen weltweites Vertrauen und bieten Verpackungsl\u00f6sungen auf vielen Kontinenten zu den g\u00fcnstigsten Preisen an.<\/p>\t\t\t\t\t\t<\/div>\n\t\t\t\t\t\t\t\t\t\t<\/div>\n\t\t\t\t\n\t\t\t\t\t\t\t<\/div>\n\t\t<\/div>\n\n\t\t\t\t\t\t\t\t\t\t\t\t<\/div>\n\t\t\t\t<\/div>\n\t\t\t\t<\/div>\n\t\t\t\t<\/div>\n\t\t<\/div>\n\t\t\t\t\t\t<\/div>\n\t\t\t\t<\/div>\n\t\t\t\t<\/div>\n\t\t<div class=\"elementor-element elementor-element-4e2b43a5 e-con-full e-flex e-con e-child\" data-id=\"4e2b43a5\" data-element_type=\"container\" data-e-type=\"container\">\n\t\t<div class=\"elementor-element elementor-element-1857af6f e-con-full e-flex e-con e-child\" data-id=\"1857af6f\" data-element_type=\"container\" data-e-type=\"container\">\n\t\t\t\t<div class=\"elementor-element elementor-element-4190274e elementor-widget elementor-widget-image\" data-id=\"4190274e\" data-element_type=\"widget\" data-e-type=\"widget\" data-widget_type=\"image.default\">\n\t\t\t\t<div class=\"elementor-widget-container\">\n\t\t\t\t\t\t\t\t\t\t\t\t\t\t\t<img fetchpriority=\"high\" decoding=\"async\" width=\"1200\" height=\"800\" src=\"https:\/\/armelex.com\/wp-content\/uploads\/2024\/11\/cevre-politikasi.jpg\" class=\"attachment-full size-full wp-image-988\" alt=\"\" srcset=\"https:\/\/armelex.com\/wp-content\/uploads\/2024\/11\/cevre-politikasi.jpg 1200w, https:\/\/armelex.com\/wp-content\/uploads\/2024\/11\/cevre-politikasi-300x200.jpg 300w, https:\/\/armelex.com\/wp-content\/uploads\/2024\/11\/cevre-politikasi-1024x683.jpg 1024w, https:\/\/armelex.com\/wp-content\/uploads\/2024\/11\/cevre-politikasi-768x512.jpg 768w, https:\/\/armelex.com\/wp-content\/uploads\/2024\/11\/cevre-politikasi-18x12.jpg 18w\" sizes=\"(max-width: 1200px) 100vw, 1200px\" \/>\t\t\t\t\t\t\t\t\t\t\t\t\t\t\t<\/div>\n\t\t\t\t<\/div>\n\t\t\t\t<div class=\"elementor-element elementor-element-7ce6fc4c elementor-widget elementor-widget-text-editor\" data-id=\"7ce6fc4c\" data-element_type=\"widget\" data-e-type=\"widget\" data-widget_type=\"text-editor.default\">\n\t\t\t\t<div class=\"elementor-widget-container\">\n\t\t\t\t\t\t\t\t\t<p>Bei Armelex steht die Nachhaltigkeit im Zentrum unserer Aktivit\u00e4ten. Wir sind uns der wichtigen Rolle bewusst, die umweltfreundliche Praktiken f\u00fcr den Erhalt unserer Umwelt spielen, und setzen uns daf\u00fcr ein, unseren \u00f6kologischen Fussabdruck in jedem Schritt unseres Produktionsprozesses zu reduzieren. Unser Nachhaltigkeitsansatz ist gepr\u00e4gt von Innovation, Ressourceneffizienz und verantwortungsvoller Beschaffung.<\/p><p>Wir verwenden f\u00fcr unsere Verpackungsl\u00f6sungen vorrangig wiederverwertbare, biologisch abbaubare und erneuerbare Materialien, um sicherzustellen, dass unsere Produkte sowohl sicher f\u00fcr Lebensmittel als auch umweltfreundlich sind. Durch die Auswahl umweltbewusster Rohstoffe wollen wir die Abfallmenge minimieren und die Kreislaufwirtschaft unterst\u00fctzen. Unsere Produktionsmethoden sind darauf ausgerichtet, den Ressourcenverbrauch zu optimieren, Emissionen zu reduzieren und die Energieeffizienz zu f\u00f6rdern.<\/p><p>Armelex arbeitet auch eng mit seinen Partnern und Lieferanten zusammen, um strenge Umweltstandards einzuhalten und sicherzustellen, dass Nachhaltigkeit in unserer gesamten Lieferkette verankert ist. Wir suchen kontinuierlich nach neuen Wegen zur Innovation und Verbesserung unserer Produkte. Dabei konzentrieren wir uns auf die Entwicklung von L\u00f6sungen, die die wachsende Nachfrage nach umweltfreundlichen Verpackungen erf\u00fcllen.<\/p><p>Wir glauben, dass der Schutz der Umwelt eine gemeinsame Verantwortung ist. Durch unsere Umweltinitiativen und unser Engagement f\u00fcr Nachhaltigkeit m\u00f6chte Armelex einen positiven Einfluss auf unseren Planeten aus\u00fcben und unsere Kunden dabei unterst\u00fctzen, ihre eigenen \u00f6kologischen Ziele zu erreichen. Gemeinsam k\u00f6nnen wir eine bessere, nachhaltigere Zukunft f\u00fcr kommende Generationen schaffen.<\/p>\t\t\t\t\t\t\t\t<\/div>\n\t\t\t\t<\/div>\n\t\t\t\t<\/div>\n\t\t\t\t<\/div>\n\t\t\t\t\t<\/div>\n\t\t\t\t<\/div>\n\t\t\t\t<\/div>","protected":false},"excerpt":{"rendered":"<p>Home At Armelex, sustainability is at the core of our operations. We recognize the vital role that eco-friendly practices play in preserving our environment and are committed to reducing our ecological footprint through every step of our production process. Our approach to sustainability is guided by a dedication to innovation, resource efficiency, and responsible sourcing. [&hellip;]<\/p>","protected":false},"author":1,"featured_media":0,"parent":0,"menu_order":0,"comment_status":"closed","ping_status":"closed","template":"","meta":{"_acf_changed":false,"footnotes":""},"class_list":["post-986","page","type-page","status-publish","hentry"],"acf":[],"_links":{"self":[{"href":"https:\/\/armelex.com\/de\/wp-json\/wp\/v2\/pages\/986","targetHints":{"allow":["GET"]}}],"collection":[{"href":"https:\/\/armelex.com\/de\/wp-json\/wp\/v2\/pages"}],"about":[{"href":"https:\/\/armelex.com\/de\/wp-json\/wp\/v2\/types\/page"}],"author":[{"embeddable":true,"href":"https:\/\/armelex.com\/de\/wp-json\/wp\/v2\/users\/1"}],"replies":[{"embeddable":true,"href":"https:\/\/armelex.com\/de\/wp-json\/wp\/v2\/comments?post=986"}],"version-history":[{"count":0,"href":"https:\/\/armelex.com\/de\/wp-json\/wp\/v2\/pages\/986\/revisions"}],"wp:attachment":[{"href":"https:\/\/armelex.com\/de\/wp-json\/wp\/v2\/media?parent=986"}],"curies":[{"name":"wp","href":"https:\/\/api.w.org\/{rel}","templated":true}]}}